{"id":2696,"date":"2026-04-17T14:19:16","date_gmt":"2026-04-17T12:19:16","guid":{"rendered":"https:\/\/golf.saturn.lws-servers.be\/conditions-generales-de-vente\/"},"modified":"2026-04-27T15:39:40","modified_gmt":"2026-04-27T13:39:40","slug":"allgemeine-geschaeftsbedingungen","status":"publish","type":"page","link":"https:\/\/golf.saturn.lws-servers.be\/de\/allgemeine-geschaeftsbedingungen\/","title":{"rendered":"Allgemeine Gesch\u00e4ftsbedingungen"},"content":{"rendered":"<p><strong>Von:<\/strong><\/p>\n<p>Golf &amp; Business Club Henri-Chapelle SA, 4841 Henri-Chapelle, Rue du Vivier 3, ZDU-Nummer 0429.045.549.<\/p>\n<h2>Artikel 1. Allgemeines<\/h2>\n<ol>\n<li>Die vorliegenden Allgemeinen Gesch\u00e4ftsbedingungen gelten f\u00fcr alle Vereinbarungen zwischen den Teilnehmern und Golf &amp; Business Club Henri-Chapelle SA bez\u00fcglich der Gew\u00e4hrung des Spielrechts durch Golf &amp; Business Club Henri-Chapelle SA.<\/li>\n<li>Die vorliegenden Allgemeinen Gesch\u00e4ftsbedingungen gelten auch f\u00fcr Vereinbarungen mit Golf &amp; Business Club Henri-Chapelle SA f\u00fcr das Spielrecht generell.<\/li>\n<li>Sollten sich eine oder mehrere Bestimmungen der vorliegenden Allgemeinen Gesch\u00e4ftsbedingungen zu einem bestimmten Zeitpunkt ganz oder teilweise als nichtig oder nicht anwendbar herausstellen, wird die G\u00fcltigkeit der \u00fcbrigen Bedingungen dadurch in keiner Weise eingeschr\u00e4nkt. Eine ganz oder teilweise nichtige oder nicht anwendbare Bestimmung wird in diesem Fall durch eine g\u00fcltige Bestimmung ersetzt, die der nichtigen oder nicht anwendbaren Bestimmung in wirtschaftlicher Hinsicht m\u00f6glichst nahekommt. Sollte sich zwischen den Parteien eine in den vorliegenden Allgemeinen Gesch\u00e4ftsbedingungen nicht vorgesehene Situation ergeben, wird diese im Geiste dieser Allgemeinen Gesch\u00e4ftsbedingungen geregelt.<\/li>\n<li>Die Tatsache, dass Golf &amp; Business Club Henri-Chapelle SA die vorliegenden Allgemeinen Gesch\u00e4ftsbedingungen zu einem bestimmten Zeitpunkt nicht f\u00fcr sich geltend macht, kann auf keinen Fall als Verzicht von Golf &amp; Business Club Henri-Chapelle SA auf die sp\u00e4tere Geltendmachung seiner Rechte ausgelegt werden.<\/li>\n<li>Golf &amp; Business Club Henri-Chapelle SA kann seine Verwaltung Dritten \u00fcbertragen. Der Inhaber des Spielrechts erkl\u00e4rt sich hiermit im Voraus einverstanden und nimmt noch einmal zur Kenntnis, dass es sich um ein Spielrecht von Golf &amp; Business Club Henri-Chapelle SA handelt.<\/li>\n<li>Golf &amp; Business Club Henri-Chapelle SA beh\u00e4lt sich das Recht vor, die vorliegenden Allgemeinen Gesch\u00e4ftsbedingungen jederzeit zu \u00e4ndern. Die Teilnehmer werden per E-Mail dar\u00fcber informiert. Die ge\u00e4nderten Allgemeinen Gesch\u00e4ftsbedingungen gelten ab 1. Januar des folgenden Jahres.<\/li>\n<\/ol>\n<h2><\/h2>\n<h2>Artikel 2. Zustandekommen des Spielrechts<\/h2>\n<ol>\n<li>Die Vereinbarung gilt nach der Anmeldung und schriftlichen Best\u00e4tigung der Anmeldung durch Golf &amp; Business Club Henri-Chapelle SA oder einen Partner.<\/li>\n<li>Sie sind verpflichtet, uns nach Best\u00e4tigung der Anmeldung binnen 60 Tagen eine Kopie Ihrer Platzreife-Bescheinigung oder Ihres offiziellen Handicaps zu schicken.<\/li>\n<\/ol>\n<h2><\/h2>\n<h2>Artikel 3. Dauer und K\u00fcndigung des Spielrechts<\/h2>\n<ol>\n<li>Das Spielrecht gilt f\u00fcr die Dauer eines Kalenderjahres und verl\u00e4ngert sich jeweils stillschweigend um weitere zw\u00f6lf Monate.<\/li>\n<li>Das Spielrecht endet:\n<ol>\n<li>bei Tod;<\/li>\n<li>nach Eingang einer schriftlichen K\u00fcndigung einen Monat vor dem Ablauf des Spielrechts, also bis 30. November des jeweils laufenden Jahres;<\/li>\n<li>nach K\u00fcndigung durch Golf &amp; Business Club Henri-Chapelle SA, weil der Beitrag oder ein beliebiger anderer Betrag, der Golf &amp; Business Club Henri-Chapelle SA geschuldet wird, drei Monate nach einer Mahnung noch immer nicht gezahlt wurde, unbeschadet etwaiger Zahlungsklagen in diesem Zusammenhang;<\/li>\n<li>nach K\u00fcndigung durch Golf &amp; Business Club Henri-Chapelle SA, weil die Verl\u00e4ngerung des Spielrechts aus anderen Gr\u00fcnden f\u00fcr Golf &amp; Business Club Henri-Chapelle SA nicht zumutbar ist.<\/li>\n<\/ol>\n<\/li>\n<li>Das Spielrecht ist personengebunden und nicht \u00fcbertragbar.<\/li>\n<li>Eine K\u00fcndigung im laufenden Jahr ist nicht m\u00f6glich, da der Mitgliedsbeitrag das Spielrecht f\u00fcr ein ganzes Jahr umfasst. Bei K\u00fcndigung im laufenden Jahr besteht deshalb kein Erstattungs- oder Erm\u00e4\u00dfigungsanspruch.<\/li>\n<\/ol>\n<h2><\/h2>\n<h2>Artikel 4. Spielgeb\u00fchr<\/h2>\n<ol>\n<li>Die Spielgeb\u00fchr ist durch Einzugserm\u00e4chtigung, per \u00dcberweisung oder in bar zu entrichten. Nach Eingang der Zahlung bei Golf &amp; Business Club Henri-Chapelle SA k\u00f6nnen die Leistungen von Golf &amp; Business Club Henri-Chapelle SA in Anspruch genommen werden.<\/li>\n<li>Bei K\u00fcndigung des Spielrechts im laufenden Jahr ist dennoch die Geb\u00fchr f\u00fcr das gesamte Jahr zu entrichten. Es besteht kein Anspruch auf Erstattung oder Erm\u00e4\u00dfigung im Falle einer K\u00fcndigung unter dem Jahr.<\/li>\n<li>Golf &amp; Business Club Henri-Chapelle SA ist zur Anpassung der Spielgeb\u00fchr berechtigt.<\/li>\n<li>Bei einer \u00c4nderung des Beitrags an den K\u00f6niglichen Belgischen Golfverband (FRBG) ist keine K\u00fcndigung m\u00f6glich. Solche Beitragsanpassungen k\u00f6nnen direkt weiterberechnet werden, ohne dass ein K\u00fcndigungsrecht besteht. Diese Beitragserh\u00f6hungen werden immer direkt weiterberechnet, nachdem sie vom FRBG beschlossen wurden.<\/li>\n<li>Bei einer \u00c4nderung des Beitrags an Golf Club Henri-Chapelle VoG\/Asbl ist keine K\u00fcndigung m\u00f6glich. Solche Beitragsanpassungen k\u00f6nnen direkt weiterberechnet werden, ohne dass ein K\u00fcndigungsrecht besteht. Diese Beitragserh\u00f6hungen werden immer direkt weiterberechnet, wenn sie vom Club beschlossen wurden.<\/li>\n<li>Bei nicht fristgerechter Zahlung der Spielgeb\u00fchr oder jedes anderen Betrags besteht automatisch und ohne vorherige Mahnung Zahlungsverzug. In diesem Fall fallen ab dem 31. Tag nach Rechnungsdatum Zinsen in H\u00f6he von 1 % pro Monat an. Die Zinsen f\u00fcr den f\u00e4lligen Betrag werden vom Beginn des Zahlungsverzugs bis zur Begleichung des gesamten geschuldeten Betrags berechnet. Bei Nichtbegleichung der Spielgeb\u00fchr oder eines anderen geschuldeten Betrags binnen 8 Tagen nach der ersten Mahnung behalten wird uns das Recht vor, zus\u00e4tzlich 12,50 \u20ac Bearbeitungsgeb\u00fchr zu berechnen.<\/li>\n<li>Bei versp\u00e4teter Zahlung kann die Gesch\u00e4ftsf\u00fchrung von Golf &amp; Business Club Henri-Chapelle SA au\u00dferdem das Spielrecht entziehen.<\/li>\n<li>Sollte sich Golf &amp; Business Club Henri-Chapelle SA zur Einleitung eines Inkassoverfahrens veranlasst sehen, werden 15 % des Hauptbetrags (mindestens 150,00 \u20ac) als Inkassogeb\u00fchr berechnet.<\/li>\n<\/ol>\n<h2><\/h2>\n<h2>Artikel 5. Datenschutz<\/h2>\n<p>Die Golf &amp; Business Club Henri-Chapelle SA \u00fcbermittelten personenbezogenen Daten und Transaktionsdaten (im Folgenden \u201eDaten\u201c) werden in der Datenbank von Golf &amp; Business Club Henri-Chapelle SA gespeichert. Die Daten werden zur Ausf\u00fchrung des Auftrags verwendet. Die Vertraulichkeitserkl\u00e4rung findet sich auf der Website von Golf &amp; Business Club Henri-Chapelle SA.<\/p>\n<h2><\/h2>\n<h2>Artikel 6. Platzerlaubnis<\/h2>\n<ol>\n<li>Bei der Aus\u00fcbung des Spielrechts sind bestehende und k\u00fcnftige Vorgaben des FRBG zur Aus\u00fcbung des Golfsports zu beachten.<\/li>\n<li>Bei der Aus\u00fcbung des Spielrechts auf dem Golfplatz muss jederzeit die Platzreife-Bescheinigung oder eine g\u00fcltige Handicap-Karte des FRBG oder eine Platzerlaubnis des Golfplatzes vorgelegt werden k\u00f6nnen.<\/li>\n<li>Der Spieler muss die FRBG-Karte oder die Platzerlaubnis auf Anfrage vorzeigen.<\/li>\n<li>Der Betreiber kann die Platzordnung jederzeit ohne Vorank\u00fcndigung \u00e4ndern.<\/li>\n<li>Golf &amp; Business Club Henri-Chapelle SA legt fest, an welchem Tag welche Mindestanforderung gilt.<\/li>\n<li>Golf &amp; Business Club Henri-Chapelle SA ist befugt, das Spielrecht und die Benutzung anderer Einrichtungen des Golfplatzes einzuschr\u00e4nken, wenn Veranstaltungen oder Wettk\u00e4mpfe in Kooperation mit dem Golfplatz abgehalten werden, der Golfplatz nach Ansicht des Clubs nicht benutzbar ist, der Zugang zum Golfclub verweigert wurde oder die Spielgeb\u00fchr nicht (fristgerecht) an Golf &amp; Business Club Henri-Chapelle SA entrichtet wurde.<\/li>\n<li>Das Spielrecht gilt insbesondere dann nicht, wenn der Golfplatz aufgrund von Instandhaltungsarbeiten und\/oder Natur- und Landschaftspflege nicht benutzt werden kann.<\/li>\n<\/ol>\n<h2><\/h2>\n<h2>Artikel 7. Spiel und Anweisungen<\/h2>\n<ol>\n<li>Bevor Sie die reservierte Zeit in Anspruch nehmen, m\u00fcssen Sie sich als Spieler*in von Golf &amp; Business Club Henri-Chapelle SA auf dem Golfplatz anmelden.<\/li>\n<li>Sie m\u00fcssen die auf dem Golfplatz geltenden Regeln einhalten.<\/li>\n<li>Bei schweren Verst\u00f6\u00dfen gegen die Platzregeln kann Golf &amp; Business Club Henri-Chapelle SA auf dem Platz die \u00fcblichen Ma\u00dfnahmen ergreifen und Sanktionen verh\u00e4ngen.<\/li>\n<li>Der Spieler muss die \u00fcblichen Golfregeln einhalten, die auf dem Platz gelten. Bei schweren Verst\u00f6\u00dfen kann der Platzbetreiber auf dem Platz die \u00fcblichen Ma\u00dfnahmen ergreifen und Sanktionen verh\u00e4ngen.<\/li>\n<\/ol>\n<h2><\/h2>\n<h2>Artikel 8. Haftung<\/h2>\n<ol>\n<li>Der Zugang zum Golfplatz, zu den Trainingsanlagen und zum Clubhaus erfolgt auf eigene Gefahr.<\/li>\n<li>Golf &amp; Business Club Henri-Chapelle SA haftet nicht f\u00fcr Sch\u00e4den, die seinen Mitgliedern, Teilnehmern oder Dritten in den Anlagen aus gleich welchem Grund entstehen.<\/li>\n<li>Sollte Golf &amp; Business Club Henri-Chapelle SA jedoch haftbar sein, gilt eine Haftungsbeschr\u00e4nkung entsprechend den vorliegenden Bestimmungen. Golf &amp; Business Club Henri-Chapelle SA haftet nicht f\u00fcr Sch\u00e4den gleich welcher Art, die durch die Vorlage falscher und\/oder unvollst\u00e4ndiger Daten durch Sie oder in Ihrem Namen verursacht werden.<\/li>\n<li>Die Haftung von Golf &amp; Business Club Henri-Chapelle SA ist auf jeden Fall auf den Betrag begrenzt, der gegebenenfalls von seinem Versicherer erstattet wird.<\/li>\n<li>Golf &amp; Business Club Henri-Chapelle SA haftet nur f\u00fcr direkte Sch\u00e4den und kann nicht f\u00fcr indirekte Sch\u00e4den einschlie\u00dflich Folgesch\u00e4den, Gewinnausfall, entgangene Einsparungen und Sch\u00e4den im Zusammenhang mit Gesch\u00e4ftsausf\u00e4llen haftbar gemacht werden.<\/li>\n<li>Die hier genannten Haftungsbeschr\u00e4nkungen gelten nicht, wenn der Schaden vors\u00e4tzlich oder grob fahrl\u00e4ssig von Golf &amp; Business Club Henri-Chapelle SA verursacht wurde. Golf &amp; Business Club Henri-Chapelle SA haftet jedoch nicht bei Vorsatz und grober Fahrl\u00e4ssigkeit seiner Weisungsempf\u00e4nger.<\/li>\n<li>F\u00fcr Sch\u00e4den am Eigentum von Golf &amp; Business Club Henri-Chapelle SA wird der Verursacher haftbar gemacht.<\/li>\n<\/ol>\n<h2><\/h2>\n<h2>Artikel 9. (E-Mail-)Adress\u00e4nderung<\/h2>\n<p>Bei jeder (E-Mail-)Adress\u00e4nderung ist Golf &amp; Business Club Henri-Chapelle SA unverz\u00fcglich schriftlich in Kenntnis zu setzen. Werden Adress\u00e4nderungen nicht rechtzeitig angezeigt und entstehen Golf &amp; Business Club Henri-Chapelle SA so Kosten f\u00fcr die Aktualisierung der Daten, werden diese dem Teilnehmer in Rechnung gestellt. Mit der Zustellung schriftlicher Mitteilungen an die letzte bekannte (E-Mail-)Adresse hat Golf &amp; Business Club Henri-Chapelle SA seine Mitteilungspflicht erf\u00fcllt und ist gegen jede Klage oder Forderung von Ihrer Seite gesch\u00fctzt, die sich darauf gr\u00fcndet, dass Sie die betreffende Mitteilung nicht erhalten haben.<\/p>\n<h2><\/h2>\n<h2>Artikel 10. Geistiges Eigentum<\/h2>\n<p>Golf &amp; Business Club Henri-Chapelle SA beh\u00e4lt die ihm laut Urheberrecht oder anderen Gesetzen oder Regelungen im Zusammenhang mit dem geistigen Eigentum zustehenden Rechte und Zust\u00e4ndigkeiten. Golf &amp; Business Club Henri-Chapelle SA ist berechtigt, die im Rahmen der Ausf\u00fchrung einer Vereinbarung erworbenen Kenntnisse auch zu anderen Zwecken zu nutzen, vorausgesetzt es werden keine streng vertraulichen Informationen zu den Teilnehmern an Dritte weitergegeben.<\/p>\n<h2><\/h2>\n<h2>Artikel 11. Anwendbares Recht und Gerichtsstand<\/h2>\n<ol>\n<li>F\u00fcr alle Rechtsverh\u00e4ltnisse, an denen Golf &amp; Business Club Henri-Chapelle SA beteiligt ist, gilt ausschlie\u00dflich belgisches Recht, auch wenn eine Verpflichtung ganz oder teilweise im Ausland erf\u00fcllt wird oder wenn die am Rechtsverh\u00e4ltnis beteiligte Partei dort ihren Sitz hat. Die Anwendung des Wiener Kaufrechts wird ausgeschlossen.<\/li>\n<li>Bei Reklamationen und\/oder Beschwerden zu den Anlagen hat sich die spielberechtigte Person in erster Linie an die Verwaltung ihres Vereins (VoG) zu wenden. Sollte die Beschwerde nach Ansicht der spielberechtigten Person vom Verein (VoG) nicht zufriedenstellend gel\u00f6st werden, muss sie sich an den Betreiber wenden. Das Unternehmen veranlasst in diesem Fall die n\u00f6tigen Schritte zur Kl\u00e4rung der Frage.<\/li>\n<li>F\u00fcr Streitf\u00e4lle mit einem Teilnehmer sind ausschlie\u00dflich die Gerichte am Niederlassungsort von Golf &amp; Business Club Henri-Chapelle SA zust\u00e4ndig.<\/li>\n<\/ol>\n","protected":false},"excerpt":{"rendered":"<p>Von: Golf &amp; Business Club Henri-Chapelle SA, 4841 Henri-Chapelle, Rue du Vivier 3, ZDU-Nummer 0429.045.549. Artikel 1. Allgemeines Die vorliegenden Allgemeinen Gesch\u00e4ftsbedingungen gelten f\u00fcr alle Vereinbarungen zwischen den Teilnehmern und Golf &amp; Business Club Henri-Chapelle SA bez\u00fcglich der Gew\u00e4hrung des Spielrechts durch Golf &amp; Business Club Henri-Chapelle SA. Die vorliegenden Allgemeinen Gesch\u00e4ftsbedingungen gelten auch f\u00fcr [&hellip;]<\/p>\n","protected":false},"author":1,"featured_media":2692,"parent":0,"menu_order":6,"comment_status":"closed","ping_status":"closed","template":"template-texte-simple.php","meta":{"_acf_changed":false,"inline_featured_image":false,"footnotes":""},"class_list":["post-2696","page","type-page","status-publish","has-post-thumbnail","hentry"],"acf":[],"yoast_head":"<!-- This site is optimized with the Yoast SEO plugin v27.4 - https:\/\/yoast.com\/product\/yoast-seo-wordpress\/ -->\n<title>Allgemeine Gesch\u00e4ftsbedingungen - Golf Henri-Chapelle Belgique Ardennes<\/title>\n<meta name=\"robots\" content=\"noindex, follow, max-snippet:-1, max-image-preview:large, max-video-preview:-1\" \/>\n<meta property=\"og:locale\" content=\"de_DE\" \/>\n<meta property=\"og:type\" content=\"article\" \/>\n<meta property=\"og:title\" content=\"Allgemeine Gesch\u00e4ftsbedingungen - Golf Henri-Chapelle Belgique Ardennes\" \/>\n<meta property=\"og:description\" content=\"Von: Golf &amp; Business Club Henri-Chapelle SA, 4841 Henri-Chapelle, Rue du Vivier 3, ZDU-Nummer 0429.045.549. Artikel 1. Allgemeines Die vorliegenden Allgemeinen Gesch\u00e4ftsbedingungen gelten f\u00fcr alle Vereinbarungen zwischen den Teilnehmern und Golf &amp; Business Club Henri-Chapelle SA bez\u00fcglich der Gew\u00e4hrung des Spielrechts durch Golf &amp; Business Club Henri-Chapelle SA. Die vorliegenden Allgemeinen Gesch\u00e4ftsbedingungen gelten auch f\u00fcr [&hellip;]\" \/>\n<meta property=\"og:url\" content=\"https:\/\/golf.saturn.lws-servers.be\/de\/allgemeine-geschaeftsbedingungen\/\" \/>\n<meta property=\"og:site_name\" content=\"Golf Henri-Chapelle Belgique Ardennes\" \/>\n<meta property=\"article:publisher\" content=\"https:\/\/www.facebook.com\/golfhenrichapelle\/\" \/>\n<meta property=\"article:modified_time\" content=\"2026-04-27T13:39:40+00:00\" \/>\n<meta property=\"og:image\" content=\"https:\/\/golf.saturn.lws-servers.be\/wp-content\/uploads\/2026\/03\/golf-de-henri-chapelle-installations-031-1024x768.jpg\" \/>\n\t<meta property=\"og:image:width\" content=\"1024\" \/>\n\t<meta property=\"og:image:height\" content=\"768\" \/>\n\t<meta property=\"og:image:type\" content=\"image\/jpeg\" \/>\n<meta name=\"twitter:card\" content=\"summary_large_image\" \/>\n<meta name=\"twitter:label1\" content=\"Gesch\u00e4tzte Lesezeit\" \/>\n\t<meta name=\"twitter:data1\" content=\"8\u00a0Minuten\" \/>\n<script type=\"application\/ld+json\" class=\"yoast-schema-graph\">{\"@context\":\"https:\\\/\\\/schema.org\",\"@graph\":[{\"@type\":\"WebPage\",\"@id\":\"https:\\\/\\\/golf.saturn.lws-servers.be\\\/de\\\/allgemeine-geschaeftsbedingungen\\\/\",\"url\":\"https:\\\/\\\/golf.saturn.lws-servers.be\\\/de\\\/allgemeine-geschaeftsbedingungen\\\/\",\"name\":\"Allgemeine Gesch\u00e4ftsbedingungen - Golf Henri-Chapelle Belgique Ardennes\",\"isPartOf\":{\"@id\":\"https:\\\/\\\/golf.saturn.lws-servers.be\\\/de\\\/#website\"},\"primaryImageOfPage\":{\"@id\":\"https:\\\/\\\/golf.saturn.lws-servers.be\\\/de\\\/allgemeine-geschaeftsbedingungen\\\/#primaryimage\"},\"image\":{\"@id\":\"https:\\\/\\\/golf.saturn.lws-servers.be\\\/de\\\/allgemeine-geschaeftsbedingungen\\\/#primaryimage\"},\"thumbnailUrl\":\"https:\\\/\\\/golf.saturn.lws-servers.be\\\/wp-content\\\/uploads\\\/2026\\\/03\\\/golf-de-henri-chapelle-installations-031.jpg\",\"datePublished\":\"2026-04-17T12:19:16+00:00\",\"dateModified\":\"2026-04-27T13:39:40+00:00\",\"breadcrumb\":{\"@id\":\"https:\\\/\\\/golf.saturn.lws-servers.be\\\/de\\\/allgemeine-geschaeftsbedingungen\\\/#breadcrumb\"},\"inLanguage\":\"de\",\"potentialAction\":[{\"@type\":\"ReadAction\",\"target\":[\"https:\\\/\\\/golf.saturn.lws-servers.be\\\/de\\\/allgemeine-geschaeftsbedingungen\\\/\"]}]},{\"@type\":\"ImageObject\",\"inLanguage\":\"de\",\"@id\":\"https:\\\/\\\/golf.saturn.lws-servers.be\\\/de\\\/allgemeine-geschaeftsbedingungen\\\/#primaryimage\",\"url\":\"https:\\\/\\\/golf.saturn.lws-servers.be\\\/wp-content\\\/uploads\\\/2026\\\/03\\\/golf-de-henri-chapelle-installations-031.jpg\",\"contentUrl\":\"https:\\\/\\\/golf.saturn.lws-servers.be\\\/wp-content\\\/uploads\\\/2026\\\/03\\\/golf-de-henri-chapelle-installations-031.jpg\",\"width\":2560,\"height\":1920},{\"@type\":\"BreadcrumbList\",\"@id\":\"https:\\\/\\\/golf.saturn.lws-servers.be\\\/de\\\/allgemeine-geschaeftsbedingungen\\\/#breadcrumb\",\"itemListElement\":[{\"@type\":\"ListItem\",\"position\":1,\"name\":\"Home\",\"item\":\"https:\\\/\\\/golf.saturn.lws-servers.be\\\/de\\\/\"},{\"@type\":\"ListItem\",\"position\":2,\"name\":\"Allgemeine Gesch\u00e4ftsbedingungen\"}]},{\"@type\":\"WebSite\",\"@id\":\"https:\\\/\\\/golf.saturn.lws-servers.be\\\/de\\\/#website\",\"url\":\"https:\\\/\\\/golf.saturn.lws-servers.be\\\/de\\\/\",\"name\":\"Golf Henri-Chapelle Belgique Ardennes\",\"description\":\"\",\"alternateName\":\"Golf Henri-Chapelle\",\"potentialAction\":[{\"@type\":\"SearchAction\",\"target\":{\"@type\":\"EntryPoint\",\"urlTemplate\":\"https:\\\/\\\/golf.saturn.lws-servers.be\\\/de\\\/?s={search_term_string}\"},\"query-input\":{\"@type\":\"PropertyValueSpecification\",\"valueRequired\":true,\"valueName\":\"search_term_string\"}}],\"inLanguage\":\"de\"}]}<\/script>\n<!-- \/ Yoast SEO plugin. -->","yoast_head_json":{"title":"Allgemeine Gesch\u00e4ftsbedingungen - Golf Henri-Chapelle Belgique Ardennes","robots":{"index":"noindex","follow":"follow","max-snippet":"max-snippet:-1","max-image-preview":"max-image-preview:large","max-video-preview":"max-video-preview:-1"},"og_locale":"de_DE","og_type":"article","og_title":"Allgemeine Gesch\u00e4ftsbedingungen - Golf Henri-Chapelle Belgique Ardennes","og_description":"Von: Golf &amp; Business Club Henri-Chapelle SA, 4841 Henri-Chapelle, Rue du Vivier 3, ZDU-Nummer 0429.045.549. Artikel 1. Allgemeines Die vorliegenden Allgemeinen Gesch\u00e4ftsbedingungen gelten f\u00fcr alle Vereinbarungen zwischen den Teilnehmern und Golf &amp; Business Club Henri-Chapelle SA bez\u00fcglich der Gew\u00e4hrung des Spielrechts durch Golf &amp; Business Club Henri-Chapelle SA. Die vorliegenden Allgemeinen Gesch\u00e4ftsbedingungen gelten auch f\u00fcr [&hellip;]","og_url":"https:\/\/golf.saturn.lws-servers.be\/de\/allgemeine-geschaeftsbedingungen\/","og_site_name":"Golf Henri-Chapelle Belgique Ardennes","article_publisher":"https:\/\/www.facebook.com\/golfhenrichapelle\/","article_modified_time":"2026-04-27T13:39:40+00:00","og_image":[{"width":1024,"height":768,"url":"https:\/\/golf.saturn.lws-servers.be\/wp-content\/uploads\/2026\/03\/golf-de-henri-chapelle-installations-031-1024x768.jpg","type":"image\/jpeg"}],"twitter_card":"summary_large_image","twitter_misc":{"Gesch\u00e4tzte Lesezeit":"8\u00a0Minuten"},"schema":{"@context":"https:\/\/schema.org","@graph":[{"@type":"WebPage","@id":"https:\/\/golf.saturn.lws-servers.be\/de\/allgemeine-geschaeftsbedingungen\/","url":"https:\/\/golf.saturn.lws-servers.be\/de\/allgemeine-geschaeftsbedingungen\/","name":"Allgemeine Gesch\u00e4ftsbedingungen - Golf Henri-Chapelle Belgique Ardennes","isPartOf":{"@id":"https:\/\/golf.saturn.lws-servers.be\/de\/#website"},"primaryImageOfPage":{"@id":"https:\/\/golf.saturn.lws-servers.be\/de\/allgemeine-geschaeftsbedingungen\/#primaryimage"},"image":{"@id":"https:\/\/golf.saturn.lws-servers.be\/de\/allgemeine-geschaeftsbedingungen\/#primaryimage"},"thumbnailUrl":"https:\/\/golf.saturn.lws-servers.be\/wp-content\/uploads\/2026\/03\/golf-de-henri-chapelle-installations-031.jpg","datePublished":"2026-04-17T12:19:16+00:00","dateModified":"2026-04-27T13:39:40+00:00","breadcrumb":{"@id":"https:\/\/golf.saturn.lws-servers.be\/de\/allgemeine-geschaeftsbedingungen\/#breadcrumb"},"inLanguage":"de","potentialAction":[{"@type":"ReadAction","target":["https:\/\/golf.saturn.lws-servers.be\/de\/allgemeine-geschaeftsbedingungen\/"]}]},{"@type":"ImageObject","inLanguage":"de","@id":"https:\/\/golf.saturn.lws-servers.be\/de\/allgemeine-geschaeftsbedingungen\/#primaryimage","url":"https:\/\/golf.saturn.lws-servers.be\/wp-content\/uploads\/2026\/03\/golf-de-henri-chapelle-installations-031.jpg","contentUrl":"https:\/\/golf.saturn.lws-servers.be\/wp-content\/uploads\/2026\/03\/golf-de-henri-chapelle-installations-031.jpg","width":2560,"height":1920},{"@type":"BreadcrumbList","@id":"https:\/\/golf.saturn.lws-servers.be\/de\/allgemeine-geschaeftsbedingungen\/#breadcrumb","itemListElement":[{"@type":"ListItem","position":1,"name":"Home","item":"https:\/\/golf.saturn.lws-servers.be\/de\/"},{"@type":"ListItem","position":2,"name":"Allgemeine Gesch\u00e4ftsbedingungen"}]},{"@type":"WebSite","@id":"https:\/\/golf.saturn.lws-servers.be\/de\/#website","url":"https:\/\/golf.saturn.lws-servers.be\/de\/","name":"Golf Henri-Chapelle Belgique Ardennes","description":"","alternateName":"Golf Henri-Chapelle","potentialAction":[{"@type":"SearchAction","target":{"@type":"EntryPoint","urlTemplate":"https:\/\/golf.saturn.lws-servers.be\/de\/?s={search_term_string}"},"query-input":{"@type":"PropertyValueSpecification","valueRequired":true,"valueName":"search_term_string"}}],"inLanguage":"de"}]}},"_links":{"self":[{"href":"https:\/\/golf.saturn.lws-servers.be\/de\/wp-json\/wp\/v2\/pages\/2696","targetHints":{"allow":["GET"]}}],"collection":[{"href":"https:\/\/golf.saturn.lws-servers.be\/de\/wp-json\/wp\/v2\/pages"}],"about":[{"href":"https:\/\/golf.saturn.lws-servers.be\/de\/wp-json\/wp\/v2\/types\/page"}],"author":[{"embeddable":true,"href":"https:\/\/golf.saturn.lws-servers.be\/de\/wp-json\/wp\/v2\/users\/1"}],"replies":[{"embeddable":true,"href":"https:\/\/golf.saturn.lws-servers.be\/de\/wp-json\/wp\/v2\/comments?post=2696"}],"version-history":[{"count":3,"href":"https:\/\/golf.saturn.lws-servers.be\/de\/wp-json\/wp\/v2\/pages\/2696\/revisions"}],"predecessor-version":[{"id":3897,"href":"https:\/\/golf.saturn.lws-servers.be\/de\/wp-json\/wp\/v2\/pages\/2696\/revisions\/3897"}],"wp:featuredmedia":[{"embeddable":true,"href":"https:\/\/golf.saturn.lws-servers.be\/de\/wp-json\/wp\/v2\/media\/2692"}],"wp:attachment":[{"href":"https:\/\/golf.saturn.lws-servers.be\/de\/wp-json\/wp\/v2\/media?parent=2696"}],"curies":[{"name":"wp","href":"https:\/\/api.w.org\/{rel}","templated":true}]}}