{"id":2739,"date":"2026-02-26T10:44:11","date_gmt":"2026-02-26T09:44:11","guid":{"rendered":"https:\/\/golf.saturn.lws-servers.be\/golf\/green-fees\/"},"modified":"2026-04-24T09:49:17","modified_gmt":"2026-04-24T07:49:17","slug":"green-fees-2","status":"publish","type":"page","link":"https:\/\/golf.saturn.lws-servers.be\/de\/golf\/green-fees-2\/","title":{"rendered":"Green Fees"},"content":{"rendered":"","protected":false},"excerpt":{"rendered":"","protected":false},"author":1,"featured_media":0,"parent":2736,"menu_order":29,"comment_status":"closed","ping_status":"closed","template":"","meta":{"_acf_changed":false,"inline_featured_image":false,"footnotes":""},"class_list":["post-2739","page","type-page","status-publish","hentry"],"acf":[],"yoast_head":"<!-- This site is optimized with the Yoast SEO plugin v27.4 - https:\/\/yoast.com\/product\/yoast-seo-wordpress\/ -->\n<title>Green Fee parcours de golf - R\u00e9servez en ligne<\/title>\n<meta name=\"description\" content=\"Laissez-vous tenter par une exp\u00e9rience d&#039;une journ\u00e9e au golf. Nos Green Fees et notre mat\u00e9riel \u00e0 louer offrent la possibilit\u00e9 de pratiquer sur nos parcours.\" \/>\n<meta name=\"robots\" content=\"noindex, follow, max-snippet:-1, max-image-preview:large, max-video-preview:-1\" \/>\n<meta property=\"og:locale\" content=\"de_DE\" \/>\n<meta property=\"og:type\" content=\"article\" \/>\n<meta property=\"og:title\" content=\"Green Fee parcours de golf - R\u00e9servez en ligne\" \/>\n<meta property=\"og:description\" content=\"Laissez-vous tenter par une exp\u00e9rience d&#039;une journ\u00e9e au golf. Nos Green Fees et notre mat\u00e9riel \u00e0 louer offrent la possibilit\u00e9 de pratiquer sur nos parcours.\" \/>\n<meta property=\"og:url\" content=\"https:\/\/golf.saturn.lws-servers.be\/de\/golf\/green-fees-2\/\" \/>\n<meta property=\"og:site_name\" content=\"Golf Henri-Chapelle Belgique Ardennes\" \/>\n<meta property=\"article:publisher\" content=\"https:\/\/www.facebook.com\/golfhenrichapelle\/\" \/>\n<meta property=\"article:modified_time\" content=\"2026-04-24T07:49:17+00:00\" \/>\n<meta property=\"og:image\" content=\"https:\/\/golf.saturn.lws-servers.be\/wp-content\/uploads\/2026\/03\/cours-collectif-golf-henri-chapelle-1024x683.jpg\" \/>\n\t<meta property=\"og:image:width\" content=\"1024\" \/>\n\t<meta property=\"og:image:height\" content=\"683\" \/>\n\t<meta property=\"og:image:type\" content=\"image\/jpeg\" \/>\n<meta name=\"twitter:card\" content=\"summary_large_image\" \/>\n<meta name=\"twitter:label1\" content=\"Gesch\u00e4tzte Lesezeit\" \/>\n\t<meta name=\"twitter:data1\" content=\"3\u00a0Minuten\" \/>\n<script type=\"application\/ld+json\" class=\"yoast-schema-graph\">{\"@context\":\"https:\\\/\\\/schema.org\",\"@graph\":[{\"@type\":\"WebPage\",\"@id\":\"https:\\\/\\\/golf.saturn.lws-servers.be\\\/de\\\/golf\\\/green-fees-2\\\/\",\"url\":\"https:\\\/\\\/golf.saturn.lws-servers.be\\\/de\\\/golf\\\/green-fees-2\\\/\",\"name\":\"Green Fee parcours de golf - R\u00e9servez en ligne\",\"isPartOf\":{\"@id\":\"https:\\\/\\\/golf.saturn.lws-servers.be\\\/de\\\/#website\"},\"datePublished\":\"2026-02-26T09:44:11+00:00\",\"dateModified\":\"2026-04-24T07:49:17+00:00\",\"description\":\"Laissez-vous tenter par une exp\u00e9rience d'une journ\u00e9e au golf. Nos Green Fees et notre mat\u00e9riel \u00e0 louer offrent la possibilit\u00e9 de pratiquer sur nos parcours.\",\"breadcrumb\":{\"@id\":\"https:\\\/\\\/golf.saturn.lws-servers.be\\\/de\\\/golf\\\/green-fees-2\\\/#breadcrumb\"},\"inLanguage\":\"de\",\"potentialAction\":[{\"@type\":\"ReadAction\",\"target\":[\"https:\\\/\\\/golf.saturn.lws-servers.be\\\/de\\\/golf\\\/green-fees-2\\\/\"]}]},{\"@type\":\"BreadcrumbList\",\"@id\":\"https:\\\/\\\/golf.saturn.lws-servers.be\\\/de\\\/golf\\\/green-fees-2\\\/#breadcrumb\",\"itemListElement\":[{\"@type\":\"ListItem\",\"position\":1,\"name\":\"Home\",\"item\":\"https:\\\/\\\/golf.saturn.lws-servers.be\\\/de\\\/\"},{\"@type\":\"ListItem\",\"position\":2,\"name\":\"Golf\",\"item\":\"https:\\\/\\\/golf.saturn.lws-servers.be\\\/de\\\/golf\\\/\"},{\"@type\":\"ListItem\",\"position\":3,\"name\":\"Green Fees\"}]},{\"@type\":\"WebSite\",\"@id\":\"https:\\\/\\\/golf.saturn.lws-servers.be\\\/de\\\/#website\",\"url\":\"https:\\\/\\\/golf.saturn.lws-servers.be\\\/de\\\/\",\"name\":\"Golf Henri-Chapelle Belgique Ardennes\",\"description\":\"\",\"alternateName\":\"Golf Henri-Chapelle\",\"potentialAction\":[{\"@type\":\"SearchAction\",\"target\":{\"@type\":\"EntryPoint\",\"urlTemplate\":\"https:\\\/\\\/golf.saturn.lws-servers.be\\\/de\\\/?s={search_term_string}\"},\"query-input\":{\"@type\":\"PropertyValueSpecification\",\"valueRequired\":true,\"valueName\":\"search_term_string\"}}],\"inLanguage\":\"de\"}]}<\/script>\n<!-- \/ Yoast SEO plugin. -->","yoast_head_json":{"title":"Green Fee parcours de golf - R\u00e9servez en ligne","description":"Laissez-vous tenter par une exp\u00e9rience d'une journ\u00e9e au golf. Nos Green Fees et notre mat\u00e9riel \u00e0 louer offrent la possibilit\u00e9 de pratiquer sur nos parcours.","robots":{"index":"noindex","follow":"follow","max-snippet":"max-snippet:-1","max-image-preview":"max-image-preview:large","max-video-preview":"max-video-preview:-1"},"og_locale":"de_DE","og_type":"article","og_title":"Green Fee parcours de golf - R\u00e9servez en ligne","og_description":"Laissez-vous tenter par une exp\u00e9rience d'une journ\u00e9e au golf. Nos Green Fees et notre mat\u00e9riel \u00e0 louer offrent la possibilit\u00e9 de pratiquer sur nos parcours.","og_url":"https:\/\/golf.saturn.lws-servers.be\/de\/golf\/green-fees-2\/","og_site_name":"Golf Henri-Chapelle Belgique Ardennes","article_publisher":"https:\/\/www.facebook.com\/golfhenrichapelle\/","article_modified_time":"2026-04-24T07:49:17+00:00","og_image":[{"width":1024,"height":683,"url":"https:\/\/golf.saturn.lws-servers.be\/wp-content\/uploads\/2026\/03\/cours-collectif-golf-henri-chapelle-1024x683.jpg","type":"image\/jpeg"}],"twitter_card":"summary_large_image","twitter_misc":{"Gesch\u00e4tzte Lesezeit":"3\u00a0Minuten"},"schema":{"@context":"https:\/\/schema.org","@graph":[{"@type":"WebPage","@id":"https:\/\/golf.saturn.lws-servers.be\/de\/golf\/green-fees-2\/","url":"https:\/\/golf.saturn.lws-servers.be\/de\/golf\/green-fees-2\/","name":"Green Fee parcours de golf - R\u00e9servez en ligne","isPartOf":{"@id":"https:\/\/golf.saturn.lws-servers.be\/de\/#website"},"datePublished":"2026-02-26T09:44:11+00:00","dateModified":"2026-04-24T07:49:17+00:00","description":"Laissez-vous tenter par une exp\u00e9rience d'une journ\u00e9e au golf. Nos Green Fees et notre mat\u00e9riel \u00e0 louer offrent la possibilit\u00e9 de pratiquer sur nos parcours.","breadcrumb":{"@id":"https:\/\/golf.saturn.lws-servers.be\/de\/golf\/green-fees-2\/#breadcrumb"},"inLanguage":"de","potentialAction":[{"@type":"ReadAction","target":["https:\/\/golf.saturn.lws-servers.be\/de\/golf\/green-fees-2\/"]}]},{"@type":"BreadcrumbList","@id":"https:\/\/golf.saturn.lws-servers.be\/de\/golf\/green-fees-2\/#breadcrumb","itemListElement":[{"@type":"ListItem","position":1,"name":"Home","item":"https:\/\/golf.saturn.lws-servers.be\/de\/"},{"@type":"ListItem","position":2,"name":"Golf","item":"https:\/\/golf.saturn.lws-servers.be\/de\/golf\/"},{"@type":"ListItem","position":3,"name":"Green Fees"}]},{"@type":"WebSite","@id":"https:\/\/golf.saturn.lws-servers.be\/de\/#website","url":"https:\/\/golf.saturn.lws-servers.be\/de\/","name":"Golf Henri-Chapelle Belgique Ardennes","description":"","alternateName":"Golf Henri-Chapelle","potentialAction":[{"@type":"SearchAction","target":{"@type":"EntryPoint","urlTemplate":"https:\/\/golf.saturn.lws-servers.be\/de\/?s={search_term_string}"},"query-input":{"@type":"PropertyValueSpecification","valueRequired":true,"valueName":"search_term_string"}}],"inLanguage":"de"}]}},"_links":{"self":[{"href":"https:\/\/golf.saturn.lws-servers.be\/de\/wp-json\/wp\/v2\/pages\/2739","targetHints":{"allow":["GET"]}}],"collection":[{"href":"https:\/\/golf.saturn.lws-servers.be\/de\/wp-json\/wp\/v2\/pages"}],"about":[{"href":"https:\/\/golf.saturn.lws-servers.be\/de\/wp-json\/wp\/v2\/types\/page"}],"author":[{"embeddable":true,"href":"https:\/\/golf.saturn.lws-servers.be\/de\/wp-json\/wp\/v2\/users\/1"}],"replies":[{"embeddable":true,"href":"https:\/\/golf.saturn.lws-servers.be\/de\/wp-json\/wp\/v2\/comments?post=2739"}],"version-history":[{"count":2,"href":"https:\/\/golf.saturn.lws-servers.be\/de\/wp-json\/wp\/v2\/pages\/2739\/revisions"}],"predecessor-version":[{"id":3632,"href":"https:\/\/golf.saturn.lws-servers.be\/de\/wp-json\/wp\/v2\/pages\/2739\/revisions\/3632"}],"up":[{"embeddable":true,"href":"https:\/\/golf.saturn.lws-servers.be\/de\/wp-json\/wp\/v2\/pages\/2736"}],"wp:attachment":[{"href":"https:\/\/golf.saturn.lws-servers.be\/de\/wp-json\/wp\/v2\/media?parent=2739"}],"curies":[{"name":"wp","href":"https:\/\/api.w.org\/{rel}","templated":true}]}}