{"id":2829,"date":"2026-03-12T16:06:01","date_gmt":"2026-03-12T15:06:01","guid":{"rendered":"https:\/\/golf.saturn.lws-servers.be\/academy-golf-schule\/packages-debutants\/"},"modified":"2026-04-24T10:16:22","modified_gmt":"2026-04-24T08:16:22","slug":"anfaengerpakete","status":"publish","type":"page","link":"https:\/\/golf.saturn.lws-servers.be\/de\/academy-golf-schule\/anfaengerpakete\/","title":{"rendered":"Anfaengerpakete"},"content":{"rendered":"","protected":false},"excerpt":{"rendered":"","protected":false},"author":1,"featured_media":0,"parent":2760,"menu_order":40,"comment_status":"closed","ping_status":"closed","template":"","meta":{"_acf_changed":false,"inline_featured_image":false,"footnotes":""},"class_list":["post-2829","page","type-page","status-publish","hentry"],"acf":[],"yoast_head":"<!-- This site is optimized with the Yoast SEO plugin v27.4 - https:\/\/yoast.com\/product\/yoast-seo-wordpress\/ -->\n<title>Commencer le golf \u00e0 l&#039;Acad\u00e9mie Golf Henri-Chapelle<\/title>\n<meta name=\"description\" content=\"D\u00e9couvrez comment commencer le golf avec des cours adapt\u00e9s \u00e0 tous niveaux \u00e0 l&#039;acad\u00e9mie du Golf Henri-Chapelle. Inscrivez-vous d\u00e8s aujourd&#039;hui !\" \/>\n<meta name=\"robots\" content=\"noindex, follow, max-snippet:-1, max-image-preview:large, max-video-preview:-1\" \/>\n<meta property=\"og:locale\" content=\"de_DE\" \/>\n<meta property=\"og:type\" content=\"article\" \/>\n<meta property=\"og:title\" content=\"Commencer le golf \u00e0 l&#039;Acad\u00e9mie Golf Henri-Chapelle\" \/>\n<meta property=\"og:description\" content=\"D\u00e9couvrez comment commencer le golf avec des cours adapt\u00e9s \u00e0 tous niveaux \u00e0 l&#039;acad\u00e9mie du Golf Henri-Chapelle. Inscrivez-vous d\u00e8s aujourd&#039;hui !\" \/>\n<meta property=\"og:url\" content=\"https:\/\/golf.saturn.lws-servers.be\/de\/academy-golf-schule\/anfaengerpakete\/\" \/>\n<meta property=\"og:site_name\" content=\"Golf Henri-Chapelle Belgique Ardennes\" \/>\n<meta property=\"article:publisher\" content=\"https:\/\/www.facebook.com\/golfhenrichapelle\/\" \/>\n<meta property=\"article:modified_time\" content=\"2026-04-24T08:16:22+00:00\" \/>\n<meta property=\"og:image\" content=\"https:\/\/golf.saturn.lws-servers.be\/wp-content\/uploads\/2026\/03\/cours-collectif-golf-henri-chapelle-1024x683.jpg\" \/>\n\t<meta property=\"og:image:width\" content=\"1024\" \/>\n\t<meta property=\"og:image:height\" content=\"683\" \/>\n\t<meta property=\"og:image:type\" content=\"image\/jpeg\" \/>\n<meta name=\"twitter:card\" content=\"summary_large_image\" \/>\n<meta name=\"twitter:label1\" content=\"Gesch\u00e4tzte Lesezeit\" \/>\n\t<meta name=\"twitter:data1\" content=\"1\u00a0Minute\" \/>\n<script type=\"application\/ld+json\" class=\"yoast-schema-graph\">{\"@context\":\"https:\\\/\\\/schema.org\",\"@graph\":[{\"@type\":\"WebPage\",\"@id\":\"https:\\\/\\\/golf.saturn.lws-servers.be\\\/de\\\/academy-golf-schule\\\/anfaengerpakete\\\/\",\"url\":\"https:\\\/\\\/golf.saturn.lws-servers.be\\\/de\\\/academy-golf-schule\\\/anfaengerpakete\\\/\",\"name\":\"Commencer le golf \u00e0 l'Acad\u00e9mie Golf Henri-Chapelle\",\"isPartOf\":{\"@id\":\"https:\\\/\\\/golf.saturn.lws-servers.be\\\/de\\\/#website\"},\"datePublished\":\"2026-03-12T15:06:01+00:00\",\"dateModified\":\"2026-04-24T08:16:22+00:00\",\"description\":\"D\u00e9couvrez comment commencer le golf avec des cours adapt\u00e9s \u00e0 tous niveaux \u00e0 l'acad\u00e9mie du Golf Henri-Chapelle. Inscrivez-vous d\u00e8s aujourd'hui !\",\"breadcrumb\":{\"@id\":\"https:\\\/\\\/golf.saturn.lws-servers.be\\\/de\\\/academy-golf-schule\\\/anfaengerpakete\\\/#breadcrumb\"},\"inLanguage\":\"de\",\"potentialAction\":[{\"@type\":\"ReadAction\",\"target\":[\"https:\\\/\\\/golf.saturn.lws-servers.be\\\/de\\\/academy-golf-schule\\\/anfaengerpakete\\\/\"]}]},{\"@type\":\"BreadcrumbList\",\"@id\":\"https:\\\/\\\/golf.saturn.lws-servers.be\\\/de\\\/academy-golf-schule\\\/anfaengerpakete\\\/#breadcrumb\",\"itemListElement\":[{\"@type\":\"ListItem\",\"position\":1,\"name\":\"Home\",\"item\":\"https:\\\/\\\/golf.saturn.lws-servers.be\\\/de\\\/\"},{\"@type\":\"ListItem\",\"position\":2,\"name\":\"Academy\",\"item\":\"https:\\\/\\\/golf.saturn.lws-servers.be\\\/de\\\/academy-golf-schule\\\/\"},{\"@type\":\"ListItem\",\"position\":3,\"name\":\"Anfaengerpakete\"}]},{\"@type\":\"WebSite\",\"@id\":\"https:\\\/\\\/golf.saturn.lws-servers.be\\\/de\\\/#website\",\"url\":\"https:\\\/\\\/golf.saturn.lws-servers.be\\\/de\\\/\",\"name\":\"Golf Henri-Chapelle Belgique Ardennes\",\"description\":\"\",\"alternateName\":\"Golf Henri-Chapelle\",\"potentialAction\":[{\"@type\":\"SearchAction\",\"target\":{\"@type\":\"EntryPoint\",\"urlTemplate\":\"https:\\\/\\\/golf.saturn.lws-servers.be\\\/de\\\/?s={search_term_string}\"},\"query-input\":{\"@type\":\"PropertyValueSpecification\",\"valueRequired\":true,\"valueName\":\"search_term_string\"}}],\"inLanguage\":\"de\"}]}<\/script>\n<!-- \/ Yoast SEO plugin. -->","yoast_head_json":{"title":"Commencer le golf \u00e0 l'Acad\u00e9mie Golf Henri-Chapelle","description":"D\u00e9couvrez comment commencer le golf avec des cours adapt\u00e9s \u00e0 tous niveaux \u00e0 l'acad\u00e9mie du Golf Henri-Chapelle. Inscrivez-vous d\u00e8s aujourd'hui !","robots":{"index":"noindex","follow":"follow","max-snippet":"max-snippet:-1","max-image-preview":"max-image-preview:large","max-video-preview":"max-video-preview:-1"},"og_locale":"de_DE","og_type":"article","og_title":"Commencer le golf \u00e0 l'Acad\u00e9mie Golf Henri-Chapelle","og_description":"D\u00e9couvrez comment commencer le golf avec des cours adapt\u00e9s \u00e0 tous niveaux \u00e0 l'acad\u00e9mie du Golf Henri-Chapelle. Inscrivez-vous d\u00e8s aujourd'hui !","og_url":"https:\/\/golf.saturn.lws-servers.be\/de\/academy-golf-schule\/anfaengerpakete\/","og_site_name":"Golf Henri-Chapelle Belgique Ardennes","article_publisher":"https:\/\/www.facebook.com\/golfhenrichapelle\/","article_modified_time":"2026-04-24T08:16:22+00:00","og_image":[{"width":1024,"height":683,"url":"https:\/\/golf.saturn.lws-servers.be\/wp-content\/uploads\/2026\/03\/cours-collectif-golf-henri-chapelle-1024x683.jpg","type":"image\/jpeg"}],"twitter_card":"summary_large_image","twitter_misc":{"Gesch\u00e4tzte Lesezeit":"1\u00a0Minute"},"schema":{"@context":"https:\/\/schema.org","@graph":[{"@type":"WebPage","@id":"https:\/\/golf.saturn.lws-servers.be\/de\/academy-golf-schule\/anfaengerpakete\/","url":"https:\/\/golf.saturn.lws-servers.be\/de\/academy-golf-schule\/anfaengerpakete\/","name":"Commencer le golf \u00e0 l'Acad\u00e9mie Golf Henri-Chapelle","isPartOf":{"@id":"https:\/\/golf.saturn.lws-servers.be\/de\/#website"},"datePublished":"2026-03-12T15:06:01+00:00","dateModified":"2026-04-24T08:16:22+00:00","description":"D\u00e9couvrez comment commencer le golf avec des cours adapt\u00e9s \u00e0 tous niveaux \u00e0 l'acad\u00e9mie du Golf Henri-Chapelle. Inscrivez-vous d\u00e8s aujourd'hui !","breadcrumb":{"@id":"https:\/\/golf.saturn.lws-servers.be\/de\/academy-golf-schule\/anfaengerpakete\/#breadcrumb"},"inLanguage":"de","potentialAction":[{"@type":"ReadAction","target":["https:\/\/golf.saturn.lws-servers.be\/de\/academy-golf-schule\/anfaengerpakete\/"]}]},{"@type":"BreadcrumbList","@id":"https:\/\/golf.saturn.lws-servers.be\/de\/academy-golf-schule\/anfaengerpakete\/#breadcrumb","itemListElement":[{"@type":"ListItem","position":1,"name":"Home","item":"https:\/\/golf.saturn.lws-servers.be\/de\/"},{"@type":"ListItem","position":2,"name":"Academy","item":"https:\/\/golf.saturn.lws-servers.be\/de\/academy-golf-schule\/"},{"@type":"ListItem","position":3,"name":"Anfaengerpakete"}]},{"@type":"WebSite","@id":"https:\/\/golf.saturn.lws-servers.be\/de\/#website","url":"https:\/\/golf.saturn.lws-servers.be\/de\/","name":"Golf Henri-Chapelle Belgique Ardennes","description":"","alternateName":"Golf Henri-Chapelle","potentialAction":[{"@type":"SearchAction","target":{"@type":"EntryPoint","urlTemplate":"https:\/\/golf.saturn.lws-servers.be\/de\/?s={search_term_string}"},"query-input":{"@type":"PropertyValueSpecification","valueRequired":true,"valueName":"search_term_string"}}],"inLanguage":"de"}]}},"_links":{"self":[{"href":"https:\/\/golf.saturn.lws-servers.be\/de\/wp-json\/wp\/v2\/pages\/2829","targetHints":{"allow":["GET"]}}],"collection":[{"href":"https:\/\/golf.saturn.lws-servers.be\/de\/wp-json\/wp\/v2\/pages"}],"about":[{"href":"https:\/\/golf.saturn.lws-servers.be\/de\/wp-json\/wp\/v2\/types\/page"}],"author":[{"embeddable":true,"href":"https:\/\/golf.saturn.lws-servers.be\/de\/wp-json\/wp\/v2\/users\/1"}],"replies":[{"embeddable":true,"href":"https:\/\/golf.saturn.lws-servers.be\/de\/wp-json\/wp\/v2\/comments?post=2829"}],"version-history":[{"count":2,"href":"https:\/\/golf.saturn.lws-servers.be\/de\/wp-json\/wp\/v2\/pages\/2829\/revisions"}],"predecessor-version":[{"id":3639,"href":"https:\/\/golf.saturn.lws-servers.be\/de\/wp-json\/wp\/v2\/pages\/2829\/revisions\/3639"}],"up":[{"embeddable":true,"href":"https:\/\/golf.saturn.lws-servers.be\/de\/wp-json\/wp\/v2\/pages\/2760"}],"wp:attachment":[{"href":"https:\/\/golf.saturn.lws-servers.be\/de\/wp-json\/wp\/v2\/media?parent=2829"}],"curies":[{"name":"wp","href":"https:\/\/api.w.org\/{rel}","templated":true}]}}