{"id":2846,"date":"2026-03-12T11:17:55","date_gmt":"2026-03-12T10:17:55","guid":{"rendered":"https:\/\/golf.saturn.lws-servers.be\/academy-golf-schule\/junior-club\/"},"modified":"2026-04-24T10:31:01","modified_gmt":"2026-04-24T08:31:01","slug":"junior-club","status":"publish","type":"page","link":"https:\/\/golf.saturn.lws-servers.be\/de\/academy-golf-schule\/junior-club\/","title":{"rendered":"Junior Club"},"content":{"rendered":"","protected":false},"excerpt":{"rendered":"","protected":false},"author":1,"featured_media":0,"parent":2760,"menu_order":46,"comment_status":"closed","ping_status":"closed","template":"","meta":{"_acf_changed":false,"inline_featured_image":false,"footnotes":""},"class_list":["post-2846","page","type-page","status-publish","hentry"],"acf":[],"yoast_head":"<!-- This site is optimized with the Yoast SEO plugin v27.4 - https:\/\/yoast.com\/product\/yoast-seo-wordpress\/ -->\n<title>Club de Golf junior - Cours de golf pour enfants<\/title>\n<meta name=\"description\" content=\"Envie d&#039;apprendre \u00e0 jouer d\u00e8s le plus jeune \u00e2ge ? Notre club junior forme les plus petits dans un cadre convivial et s\u00e9curis\u00e9. Contactez-nous\" \/>\n<meta name=\"robots\" content=\"noindex, follow, max-snippet:-1, max-image-preview:large, max-video-preview:-1\" \/>\n<meta property=\"og:locale\" content=\"de_DE\" \/>\n<meta property=\"og:type\" content=\"article\" \/>\n<meta property=\"og:title\" content=\"Club de Golf junior - Cours de golf pour enfants\" \/>\n<meta property=\"og:description\" content=\"Envie d&#039;apprendre \u00e0 jouer d\u00e8s le plus jeune \u00e2ge ? Notre club junior forme les plus petits dans un cadre convivial et s\u00e9curis\u00e9. Contactez-nous\" \/>\n<meta property=\"og:url\" content=\"https:\/\/golf.saturn.lws-servers.be\/de\/academy-golf-schule\/junior-club\/\" \/>\n<meta property=\"og:site_name\" content=\"Golf Henri-Chapelle Belgique Ardennes\" \/>\n<meta property=\"article:publisher\" content=\"https:\/\/www.facebook.com\/golfhenrichapelle\/\" \/>\n<meta property=\"article:modified_time\" content=\"2026-04-24T08:31:01+00:00\" \/>\n<meta property=\"og:image\" content=\"https:\/\/golf.saturn.lws-servers.be\/wp-content\/uploads\/2026\/03\/logo_junior-club.png\" \/>\n\t<meta property=\"og:image:width\" content=\"1051\" \/>\n\t<meta property=\"og:image:height\" content=\"720\" \/>\n\t<meta property=\"og:image:type\" content=\"image\/png\" \/>\n<meta name=\"twitter:card\" content=\"summary_large_image\" \/>\n<meta name=\"twitter:label1\" content=\"Gesch\u00e4tzte Lesezeit\" \/>\n\t<meta name=\"twitter:data1\" content=\"4\u00a0Minuten\" \/>\n<script type=\"application\/ld+json\" class=\"yoast-schema-graph\">{\"@context\":\"https:\\\/\\\/schema.org\",\"@graph\":[{\"@type\":\"WebPage\",\"@id\":\"https:\\\/\\\/golf.saturn.lws-servers.be\\\/de\\\/academy-golf-schule\\\/junior-club\\\/\",\"url\":\"https:\\\/\\\/golf.saturn.lws-servers.be\\\/de\\\/academy-golf-schule\\\/junior-club\\\/\",\"name\":\"Club de Golf junior - Cours de golf pour enfants\",\"isPartOf\":{\"@id\":\"https:\\\/\\\/golf.saturn.lws-servers.be\\\/de\\\/#website\"},\"datePublished\":\"2026-03-12T10:17:55+00:00\",\"dateModified\":\"2026-04-24T08:31:01+00:00\",\"description\":\"Envie d'apprendre \u00e0 jouer d\u00e8s le plus jeune \u00e2ge ? Notre club junior forme les plus petits dans un cadre convivial et s\u00e9curis\u00e9. Contactez-nous\",\"breadcrumb\":{\"@id\":\"https:\\\/\\\/golf.saturn.lws-servers.be\\\/de\\\/academy-golf-schule\\\/junior-club\\\/#breadcrumb\"},\"inLanguage\":\"de\",\"potentialAction\":[{\"@type\":\"ReadAction\",\"target\":[\"https:\\\/\\\/golf.saturn.lws-servers.be\\\/de\\\/academy-golf-schule\\\/junior-club\\\/\"]}]},{\"@type\":\"BreadcrumbList\",\"@id\":\"https:\\\/\\\/golf.saturn.lws-servers.be\\\/de\\\/academy-golf-schule\\\/junior-club\\\/#breadcrumb\",\"itemListElement\":[{\"@type\":\"ListItem\",\"position\":1,\"name\":\"Home\",\"item\":\"https:\\\/\\\/golf.saturn.lws-servers.be\\\/de\\\/\"},{\"@type\":\"ListItem\",\"position\":2,\"name\":\"Academy\",\"item\":\"https:\\\/\\\/golf.saturn.lws-servers.be\\\/de\\\/academy-golf-schule\\\/\"},{\"@type\":\"ListItem\",\"position\":3,\"name\":\"Junior Club\"}]},{\"@type\":\"WebSite\",\"@id\":\"https:\\\/\\\/golf.saturn.lws-servers.be\\\/de\\\/#website\",\"url\":\"https:\\\/\\\/golf.saturn.lws-servers.be\\\/de\\\/\",\"name\":\"Golf Henri-Chapelle Belgique Ardennes\",\"description\":\"\",\"alternateName\":\"Golf Henri-Chapelle\",\"potentialAction\":[{\"@type\":\"SearchAction\",\"target\":{\"@type\":\"EntryPoint\",\"urlTemplate\":\"https:\\\/\\\/golf.saturn.lws-servers.be\\\/de\\\/?s={search_term_string}\"},\"query-input\":{\"@type\":\"PropertyValueSpecification\",\"valueRequired\":true,\"valueName\":\"search_term_string\"}}],\"inLanguage\":\"de\"}]}<\/script>\n<!-- \/ Yoast SEO plugin. -->","yoast_head_json":{"title":"Club de Golf junior - Cours de golf pour enfants","description":"Envie d'apprendre \u00e0 jouer d\u00e8s le plus jeune \u00e2ge ? Notre club junior forme les plus petits dans un cadre convivial et s\u00e9curis\u00e9. Contactez-nous","robots":{"index":"noindex","follow":"follow","max-snippet":"max-snippet:-1","max-image-preview":"max-image-preview:large","max-video-preview":"max-video-preview:-1"},"og_locale":"de_DE","og_type":"article","og_title":"Club de Golf junior - Cours de golf pour enfants","og_description":"Envie d'apprendre \u00e0 jouer d\u00e8s le plus jeune \u00e2ge ? Notre club junior forme les plus petits dans un cadre convivial et s\u00e9curis\u00e9. Contactez-nous","og_url":"https:\/\/golf.saturn.lws-servers.be\/de\/academy-golf-schule\/junior-club\/","og_site_name":"Golf Henri-Chapelle Belgique Ardennes","article_publisher":"https:\/\/www.facebook.com\/golfhenrichapelle\/","article_modified_time":"2026-04-24T08:31:01+00:00","og_image":[{"width":1051,"height":720,"url":"https:\/\/golf.saturn.lws-servers.be\/wp-content\/uploads\/2026\/03\/logo_junior-club.png","type":"image\/png"}],"twitter_card":"summary_large_image","twitter_misc":{"Gesch\u00e4tzte Lesezeit":"4\u00a0Minuten"},"schema":{"@context":"https:\/\/schema.org","@graph":[{"@type":"WebPage","@id":"https:\/\/golf.saturn.lws-servers.be\/de\/academy-golf-schule\/junior-club\/","url":"https:\/\/golf.saturn.lws-servers.be\/de\/academy-golf-schule\/junior-club\/","name":"Club de Golf junior - Cours de golf pour enfants","isPartOf":{"@id":"https:\/\/golf.saturn.lws-servers.be\/de\/#website"},"datePublished":"2026-03-12T10:17:55+00:00","dateModified":"2026-04-24T08:31:01+00:00","description":"Envie d'apprendre \u00e0 jouer d\u00e8s le plus jeune \u00e2ge ? Notre club junior forme les plus petits dans un cadre convivial et s\u00e9curis\u00e9. Contactez-nous","breadcrumb":{"@id":"https:\/\/golf.saturn.lws-servers.be\/de\/academy-golf-schule\/junior-club\/#breadcrumb"},"inLanguage":"de","potentialAction":[{"@type":"ReadAction","target":["https:\/\/golf.saturn.lws-servers.be\/de\/academy-golf-schule\/junior-club\/"]}]},{"@type":"BreadcrumbList","@id":"https:\/\/golf.saturn.lws-servers.be\/de\/academy-golf-schule\/junior-club\/#breadcrumb","itemListElement":[{"@type":"ListItem","position":1,"name":"Home","item":"https:\/\/golf.saturn.lws-servers.be\/de\/"},{"@type":"ListItem","position":2,"name":"Academy","item":"https:\/\/golf.saturn.lws-servers.be\/de\/academy-golf-schule\/"},{"@type":"ListItem","position":3,"name":"Junior Club"}]},{"@type":"WebSite","@id":"https:\/\/golf.saturn.lws-servers.be\/de\/#website","url":"https:\/\/golf.saturn.lws-servers.be\/de\/","name":"Golf Henri-Chapelle Belgique Ardennes","description":"","alternateName":"Golf Henri-Chapelle","potentialAction":[{"@type":"SearchAction","target":{"@type":"EntryPoint","urlTemplate":"https:\/\/golf.saturn.lws-servers.be\/de\/?s={search_term_string}"},"query-input":{"@type":"PropertyValueSpecification","valueRequired":true,"valueName":"search_term_string"}}],"inLanguage":"de"}]}},"_links":{"self":[{"href":"https:\/\/golf.saturn.lws-servers.be\/de\/wp-json\/wp\/v2\/pages\/2846","targetHints":{"allow":["GET"]}}],"collection":[{"href":"https:\/\/golf.saturn.lws-servers.be\/de\/wp-json\/wp\/v2\/pages"}],"about":[{"href":"https:\/\/golf.saturn.lws-servers.be\/de\/wp-json\/wp\/v2\/types\/page"}],"author":[{"embeddable":true,"href":"https:\/\/golf.saturn.lws-servers.be\/de\/wp-json\/wp\/v2\/users\/1"}],"replies":[{"embeddable":true,"href":"https:\/\/golf.saturn.lws-servers.be\/de\/wp-json\/wp\/v2\/comments?post=2846"}],"version-history":[{"count":1,"href":"https:\/\/golf.saturn.lws-servers.be\/de\/wp-json\/wp\/v2\/pages\/2846\/revisions"}],"predecessor-version":[{"id":3659,"href":"https:\/\/golf.saturn.lws-servers.be\/de\/wp-json\/wp\/v2\/pages\/2846\/revisions\/3659"}],"up":[{"embeddable":true,"href":"https:\/\/golf.saturn.lws-servers.be\/de\/wp-json\/wp\/v2\/pages\/2760"}],"wp:attachment":[{"href":"https:\/\/golf.saturn.lws-servers.be\/de\/wp-json\/wp\/v2\/media?parent=2846"}],"curies":[{"name":"wp","href":"https:\/\/api.w.org\/{rel}","templated":true}]}}