{"id":2926,"date":"2026-03-09T11:18:35","date_gmt":"2026-03-09T10:18:35","guid":{"rendered":"https:\/\/golf.saturn.lws-servers.be\/mitglieder\/business-club-sponsor-companies\/"},"modified":"2026-04-24T11:01:45","modified_gmt":"2026-04-24T09:01:45","slug":"business-club-by-golf-henri-chapelle","status":"publish","type":"page","link":"https:\/\/golf.saturn.lws-servers.be\/de\/mitglieder\/business-club-by-golf-henri-chapelle\/","title":{"rendered":"Business Club by Golf Henri-Chapelle"},"content":{"rendered":"","protected":false},"excerpt":{"rendered":"","protected":false},"author":1,"featured_media":0,"parent":2919,"menu_order":59,"comment_status":"closed","ping_status":"closed","template":"","meta":{"_acf_changed":false,"inline_featured_image":false,"footnotes":""},"class_list":["post-2926","page","type-page","status-publish","hentry"],"acf":[],"yoast_head":"<!-- This site is optimized with the Yoast SEO plugin v27.4 - https:\/\/yoast.com\/product\/yoast-seo-wordpress\/ -->\n<title>Business Club Sponsor Companies - Golf Henri Chapelle Belgique Ardennes<\/title>\n<meta name=\"description\" content=\"Business Club by Golf Henri-Chapelle Adh\u00e9sion Business Club Pour les entrepreneurs qui d\u00e9sirent associer l\u2019image de leur entreprise \u00e0 celle du Golf et qui veulent b\u00e9n\u00e9ficier de tous les avantages que le golf leur apporte, nous avons \u00e9labor\u00e9 diff\u00e9rentes propositions...\" \/>\n<meta name=\"robots\" content=\"noindex, follow, max-snippet:-1, max-image-preview:large, max-video-preview:-1\" \/>\n<meta property=\"og:locale\" content=\"de_DE\" \/>\n<meta property=\"og:type\" content=\"article\" \/>\n<meta property=\"og:title\" content=\"Business Club Sponsor Companies - Golf Henri Chapelle Belgique Ardennes\" \/>\n<meta property=\"og:description\" content=\"Business Club by Golf Henri-Chapelle Adh\u00e9sion Business Club Pour les entrepreneurs qui d\u00e9sirent associer l\u2019image de leur entreprise \u00e0 celle du Golf et qui veulent b\u00e9n\u00e9ficier de tous les avantages que le golf leur apporte, nous avons \u00e9labor\u00e9 diff\u00e9rentes propositions...\" \/>\n<meta property=\"og:url\" content=\"https:\/\/golf.saturn.lws-servers.be\/de\/mitglieder\/business-club-by-golf-henri-chapelle\/\" \/>\n<meta property=\"og:site_name\" content=\"Golf Henri-Chapelle Belgique Ardennes\" \/>\n<meta property=\"article:publisher\" content=\"https:\/\/www.facebook.com\/golfhenrichapelle\/\" \/>\n<meta property=\"article:modified_time\" content=\"2026-04-24T09:01:45+00:00\" \/>\n<meta property=\"og:image\" content=\"https:\/\/golf.saturn.lws-servers.be\/wp-content\/uploads\/2026\/03\/business-club_logo.jpg\" \/>\n\t<meta property=\"og:image:width\" content=\"500\" \/>\n\t<meta property=\"og:image:height\" content=\"500\" \/>\n\t<meta property=\"og:image:type\" content=\"image\/jpeg\" \/>\n<meta name=\"twitter:card\" content=\"summary_large_image\" \/>\n<meta name=\"twitter:label1\" content=\"Gesch\u00e4tzte Lesezeit\" \/>\n\t<meta name=\"twitter:data1\" content=\"5\u00a0Minuten\" \/>\n<script type=\"application\/ld+json\" class=\"yoast-schema-graph\">{\"@context\":\"https:\\\/\\\/schema.org\",\"@graph\":[{\"@type\":\"WebPage\",\"@id\":\"https:\\\/\\\/golf.saturn.lws-servers.be\\\/de\\\/mitglieder\\\/business-club-by-golf-henri-chapelle\\\/\",\"url\":\"https:\\\/\\\/golf.saturn.lws-servers.be\\\/de\\\/mitglieder\\\/business-club-by-golf-henri-chapelle\\\/\",\"name\":\"Business Club Sponsor Companies - Golf Henri Chapelle Belgique Ardennes\",\"isPartOf\":{\"@id\":\"https:\\\/\\\/golf.saturn.lws-servers.be\\\/de\\\/#website\"},\"datePublished\":\"2026-03-09T10:18:35+00:00\",\"dateModified\":\"2026-04-24T09:01:45+00:00\",\"description\":\"Business Club by Golf Henri-Chapelle Adh\u00e9sion Business Club Pour les entrepreneurs qui d\u00e9sirent associer l\u2019image de leur entreprise \u00e0 celle du Golf et qui veulent b\u00e9n\u00e9ficier de tous les avantages que le golf leur apporte, nous avons \u00e9labor\u00e9 diff\u00e9rentes propositions...\",\"breadcrumb\":{\"@id\":\"https:\\\/\\\/golf.saturn.lws-servers.be\\\/de\\\/mitglieder\\\/business-club-by-golf-henri-chapelle\\\/#breadcrumb\"},\"inLanguage\":\"de\",\"potentialAction\":[{\"@type\":\"ReadAction\",\"target\":[\"https:\\\/\\\/golf.saturn.lws-servers.be\\\/de\\\/mitglieder\\\/business-club-by-golf-henri-chapelle\\\/\"]}]},{\"@type\":\"BreadcrumbList\",\"@id\":\"https:\\\/\\\/golf.saturn.lws-servers.be\\\/de\\\/mitglieder\\\/business-club-by-golf-henri-chapelle\\\/#breadcrumb\",\"itemListElement\":[{\"@type\":\"ListItem\",\"position\":1,\"name\":\"Home\",\"item\":\"https:\\\/\\\/golf.saturn.lws-servers.be\\\/de\\\/\"},{\"@type\":\"ListItem\",\"position\":2,\"name\":\"Mitglieder\",\"item\":\"https:\\\/\\\/golf.saturn.lws-servers.be\\\/de\\\/mitglieder\\\/\"},{\"@type\":\"ListItem\",\"position\":3,\"name\":\"Business Club by Golf Henri-Chapelle\"}]},{\"@type\":\"WebSite\",\"@id\":\"https:\\\/\\\/golf.saturn.lws-servers.be\\\/de\\\/#website\",\"url\":\"https:\\\/\\\/golf.saturn.lws-servers.be\\\/de\\\/\",\"name\":\"Golf Henri-Chapelle Belgique Ardennes\",\"description\":\"\",\"alternateName\":\"Golf Henri-Chapelle\",\"potentialAction\":[{\"@type\":\"SearchAction\",\"target\":{\"@type\":\"EntryPoint\",\"urlTemplate\":\"https:\\\/\\\/golf.saturn.lws-servers.be\\\/de\\\/?s={search_term_string}\"},\"query-input\":{\"@type\":\"PropertyValueSpecification\",\"valueRequired\":true,\"valueName\":\"search_term_string\"}}],\"inLanguage\":\"de\"}]}<\/script>\n<!-- \/ Yoast SEO plugin. -->","yoast_head_json":{"title":"Business Club Sponsor Companies - Golf Henri Chapelle Belgique Ardennes","description":"Business Club by Golf Henri-Chapelle Adh\u00e9sion Business Club Pour les entrepreneurs qui d\u00e9sirent associer l\u2019image de leur entreprise \u00e0 celle du Golf et qui veulent b\u00e9n\u00e9ficier de tous les avantages que le golf leur apporte, nous avons \u00e9labor\u00e9 diff\u00e9rentes propositions...","robots":{"index":"noindex","follow":"follow","max-snippet":"max-snippet:-1","max-image-preview":"max-image-preview:large","max-video-preview":"max-video-preview:-1"},"og_locale":"de_DE","og_type":"article","og_title":"Business Club Sponsor Companies - Golf Henri Chapelle Belgique Ardennes","og_description":"Business Club by Golf Henri-Chapelle Adh\u00e9sion Business Club Pour les entrepreneurs qui d\u00e9sirent associer l\u2019image de leur entreprise \u00e0 celle du Golf et qui veulent b\u00e9n\u00e9ficier de tous les avantages que le golf leur apporte, nous avons \u00e9labor\u00e9 diff\u00e9rentes propositions...","og_url":"https:\/\/golf.saturn.lws-servers.be\/de\/mitglieder\/business-club-by-golf-henri-chapelle\/","og_site_name":"Golf Henri-Chapelle Belgique Ardennes","article_publisher":"https:\/\/www.facebook.com\/golfhenrichapelle\/","article_modified_time":"2026-04-24T09:01:45+00:00","og_image":[{"width":500,"height":500,"url":"https:\/\/golf.saturn.lws-servers.be\/wp-content\/uploads\/2026\/03\/business-club_logo.jpg","type":"image\/jpeg"}],"twitter_card":"summary_large_image","twitter_misc":{"Gesch\u00e4tzte Lesezeit":"5\u00a0Minuten"},"schema":{"@context":"https:\/\/schema.org","@graph":[{"@type":"WebPage","@id":"https:\/\/golf.saturn.lws-servers.be\/de\/mitglieder\/business-club-by-golf-henri-chapelle\/","url":"https:\/\/golf.saturn.lws-servers.be\/de\/mitglieder\/business-club-by-golf-henri-chapelle\/","name":"Business Club Sponsor Companies - Golf Henri Chapelle Belgique Ardennes","isPartOf":{"@id":"https:\/\/golf.saturn.lws-servers.be\/de\/#website"},"datePublished":"2026-03-09T10:18:35+00:00","dateModified":"2026-04-24T09:01:45+00:00","description":"Business Club by Golf Henri-Chapelle Adh\u00e9sion Business Club Pour les entrepreneurs qui d\u00e9sirent associer l\u2019image de leur entreprise \u00e0 celle du Golf et qui veulent b\u00e9n\u00e9ficier de tous les avantages que le golf leur apporte, nous avons \u00e9labor\u00e9 diff\u00e9rentes propositions...","breadcrumb":{"@id":"https:\/\/golf.saturn.lws-servers.be\/de\/mitglieder\/business-club-by-golf-henri-chapelle\/#breadcrumb"},"inLanguage":"de","potentialAction":[{"@type":"ReadAction","target":["https:\/\/golf.saturn.lws-servers.be\/de\/mitglieder\/business-club-by-golf-henri-chapelle\/"]}]},{"@type":"BreadcrumbList","@id":"https:\/\/golf.saturn.lws-servers.be\/de\/mitglieder\/business-club-by-golf-henri-chapelle\/#breadcrumb","itemListElement":[{"@type":"ListItem","position":1,"name":"Home","item":"https:\/\/golf.saturn.lws-servers.be\/de\/"},{"@type":"ListItem","position":2,"name":"Mitglieder","item":"https:\/\/golf.saturn.lws-servers.be\/de\/mitglieder\/"},{"@type":"ListItem","position":3,"name":"Business Club by Golf Henri-Chapelle"}]},{"@type":"WebSite","@id":"https:\/\/golf.saturn.lws-servers.be\/de\/#website","url":"https:\/\/golf.saturn.lws-servers.be\/de\/","name":"Golf Henri-Chapelle Belgique Ardennes","description":"","alternateName":"Golf Henri-Chapelle","potentialAction":[{"@type":"SearchAction","target":{"@type":"EntryPoint","urlTemplate":"https:\/\/golf.saturn.lws-servers.be\/de\/?s={search_term_string}"},"query-input":{"@type":"PropertyValueSpecification","valueRequired":true,"valueName":"search_term_string"}}],"inLanguage":"de"}]}},"_links":{"self":[{"href":"https:\/\/golf.saturn.lws-servers.be\/de\/wp-json\/wp\/v2\/pages\/2926","targetHints":{"allow":["GET"]}}],"collection":[{"href":"https:\/\/golf.saturn.lws-servers.be\/de\/wp-json\/wp\/v2\/pages"}],"about":[{"href":"https:\/\/golf.saturn.lws-servers.be\/de\/wp-json\/wp\/v2\/types\/page"}],"author":[{"embeddable":true,"href":"https:\/\/golf.saturn.lws-servers.be\/de\/wp-json\/wp\/v2\/users\/1"}],"replies":[{"embeddable":true,"href":"https:\/\/golf.saturn.lws-servers.be\/de\/wp-json\/wp\/v2\/comments?post=2926"}],"version-history":[{"count":2,"href":"https:\/\/golf.saturn.lws-servers.be\/de\/wp-json\/wp\/v2\/pages\/2926\/revisions"}],"predecessor-version":[{"id":3664,"href":"https:\/\/golf.saturn.lws-servers.be\/de\/wp-json\/wp\/v2\/pages\/2926\/revisions\/3664"}],"up":[{"embeddable":true,"href":"https:\/\/golf.saturn.lws-servers.be\/de\/wp-json\/wp\/v2\/pages\/2919"}],"wp:attachment":[{"href":"https:\/\/golf.saturn.lws-servers.be\/de\/wp-json\/wp\/v2\/media?parent=2926"}],"curies":[{"name":"wp","href":"https:\/\/api.w.org\/{rel}","templated":true}]}}