{"id":2989,"date":"2026-03-13T14:20:42","date_gmt":"2026-03-13T13:20:42","guid":{"rendered":"https:\/\/golf.saturn.lws-servers.be\/mitglieder\/seminaires-team-building\/"},"modified":"2026-04-24T11:08:10","modified_gmt":"2026-04-24T09:08:10","slug":"seminare","status":"publish","type":"page","link":"https:\/\/golf.saturn.lws-servers.be\/de\/mitglieder\/seminare\/","title":{"rendered":"Seminare"},"content":{"rendered":"","protected":false},"excerpt":{"rendered":"","protected":false},"author":1,"featured_media":0,"parent":2919,"menu_order":80,"comment_status":"closed","ping_status":"closed","template":"","meta":{"_acf_changed":false,"inline_featured_image":false,"footnotes":""},"class_list":["post-2989","page","type-page","status-publish","hentry"],"acf":[],"yoast_head":"<!-- This site is optimized with the Yoast SEO plugin v27.4 - https:\/\/yoast.com\/product\/yoast-seo-wordpress\/ -->\n<title>Devenez membre au Golf Henri-Chapelle | 3 parcours uniques<\/title>\n<meta name=\"description\" content=\"Rejoignez notre communaut\u00e9 de membre golf et profitez des 45 trous et de nos \u00e9quipements au Golf Henri-Chapelle. Inscrivez-vous d\u00e8s maintenant !\" \/>\n<meta name=\"robots\" content=\"noindex, follow, max-snippet:-1, max-image-preview:large, max-video-preview:-1\" \/>\n<meta property=\"og:locale\" content=\"de_DE\" \/>\n<meta property=\"og:type\" content=\"article\" \/>\n<meta property=\"og:title\" content=\"Devenez membre au Golf Henri-Chapelle | 3 parcours uniques\" \/>\n<meta property=\"og:description\" content=\"Rejoignez notre communaut\u00e9 de membre golf et profitez des 45 trous et de nos \u00e9quipements au Golf Henri-Chapelle. Inscrivez-vous d\u00e8s maintenant !\" \/>\n<meta property=\"og:url\" content=\"https:\/\/golf.saturn.lws-servers.be\/de\/mitglieder\/seminare\/\" \/>\n<meta property=\"og:site_name\" content=\"Golf Henri-Chapelle Belgique Ardennes\" \/>\n<meta property=\"article:publisher\" content=\"https:\/\/www.facebook.com\/golfhenrichapelle\/\" \/>\n<meta property=\"article:modified_time\" content=\"2026-04-24T09:08:10+00:00\" \/>\n<meta property=\"og:image\" content=\"https:\/\/golf.saturn.lws-servers.be\/wp-content\/uploads\/2026\/03\/golf-de-henri-chapelle-installations-027-1024x819.jpg\" \/>\n\t<meta property=\"og:image:width\" content=\"1024\" \/>\n\t<meta property=\"og:image:height\" content=\"819\" \/>\n\t<meta property=\"og:image:type\" content=\"image\/jpeg\" \/>\n<meta name=\"twitter:card\" content=\"summary_large_image\" \/>\n<meta name=\"twitter:label1\" content=\"Gesch\u00e4tzte Lesezeit\" \/>\n\t<meta name=\"twitter:data1\" content=\"3\u00a0Minuten\" \/>\n<script type=\"application\/ld+json\" class=\"yoast-schema-graph\">{\"@context\":\"https:\\\/\\\/schema.org\",\"@graph\":[{\"@type\":\"WebPage\",\"@id\":\"https:\\\/\\\/golf.saturn.lws-servers.be\\\/de\\\/mitglieder\\\/seminare\\\/\",\"url\":\"https:\\\/\\\/golf.saturn.lws-servers.be\\\/de\\\/mitglieder\\\/seminare\\\/\",\"name\":\"Devenez membre au Golf Henri-Chapelle | 3 parcours uniques\",\"isPartOf\":{\"@id\":\"https:\\\/\\\/golf.saturn.lws-servers.be\\\/de\\\/#website\"},\"datePublished\":\"2026-03-13T13:20:42+00:00\",\"dateModified\":\"2026-04-24T09:08:10+00:00\",\"description\":\"Rejoignez notre communaut\u00e9 de membre golf et profitez des 45 trous et de nos \u00e9quipements au Golf Henri-Chapelle. Inscrivez-vous d\u00e8s maintenant !\",\"breadcrumb\":{\"@id\":\"https:\\\/\\\/golf.saturn.lws-servers.be\\\/de\\\/mitglieder\\\/seminare\\\/#breadcrumb\"},\"inLanguage\":\"de\",\"potentialAction\":[{\"@type\":\"ReadAction\",\"target\":[\"https:\\\/\\\/golf.saturn.lws-servers.be\\\/de\\\/mitglieder\\\/seminare\\\/\"]}]},{\"@type\":\"BreadcrumbList\",\"@id\":\"https:\\\/\\\/golf.saturn.lws-servers.be\\\/de\\\/mitglieder\\\/seminare\\\/#breadcrumb\",\"itemListElement\":[{\"@type\":\"ListItem\",\"position\":1,\"name\":\"Home\",\"item\":\"https:\\\/\\\/golf.saturn.lws-servers.be\\\/de\\\/\"},{\"@type\":\"ListItem\",\"position\":2,\"name\":\"Mitglieder\",\"item\":\"https:\\\/\\\/golf.saturn.lws-servers.be\\\/de\\\/mitglieder\\\/\"},{\"@type\":\"ListItem\",\"position\":3,\"name\":\"Seminare\"}]},{\"@type\":\"WebSite\",\"@id\":\"https:\\\/\\\/golf.saturn.lws-servers.be\\\/de\\\/#website\",\"url\":\"https:\\\/\\\/golf.saturn.lws-servers.be\\\/de\\\/\",\"name\":\"Golf Henri-Chapelle Belgique Ardennes\",\"description\":\"\",\"alternateName\":\"Golf Henri-Chapelle\",\"potentialAction\":[{\"@type\":\"SearchAction\",\"target\":{\"@type\":\"EntryPoint\",\"urlTemplate\":\"https:\\\/\\\/golf.saturn.lws-servers.be\\\/de\\\/?s={search_term_string}\"},\"query-input\":{\"@type\":\"PropertyValueSpecification\",\"valueRequired\":true,\"valueName\":\"search_term_string\"}}],\"inLanguage\":\"de\"}]}<\/script>\n<!-- \/ Yoast SEO plugin. -->","yoast_head_json":{"title":"Devenez membre au Golf Henri-Chapelle | 3 parcours uniques","description":"Rejoignez notre communaut\u00e9 de membre golf et profitez des 45 trous et de nos \u00e9quipements au Golf Henri-Chapelle. Inscrivez-vous d\u00e8s maintenant !","robots":{"index":"noindex","follow":"follow","max-snippet":"max-snippet:-1","max-image-preview":"max-image-preview:large","max-video-preview":"max-video-preview:-1"},"og_locale":"de_DE","og_type":"article","og_title":"Devenez membre au Golf Henri-Chapelle | 3 parcours uniques","og_description":"Rejoignez notre communaut\u00e9 de membre golf et profitez des 45 trous et de nos \u00e9quipements au Golf Henri-Chapelle. Inscrivez-vous d\u00e8s maintenant !","og_url":"https:\/\/golf.saturn.lws-servers.be\/de\/mitglieder\/seminare\/","og_site_name":"Golf Henri-Chapelle Belgique Ardennes","article_publisher":"https:\/\/www.facebook.com\/golfhenrichapelle\/","article_modified_time":"2026-04-24T09:08:10+00:00","og_image":[{"width":1024,"height":819,"url":"https:\/\/golf.saturn.lws-servers.be\/wp-content\/uploads\/2026\/03\/golf-de-henri-chapelle-installations-027-1024x819.jpg","type":"image\/jpeg"}],"twitter_card":"summary_large_image","twitter_misc":{"Gesch\u00e4tzte Lesezeit":"3\u00a0Minuten"},"schema":{"@context":"https:\/\/schema.org","@graph":[{"@type":"WebPage","@id":"https:\/\/golf.saturn.lws-servers.be\/de\/mitglieder\/seminare\/","url":"https:\/\/golf.saturn.lws-servers.be\/de\/mitglieder\/seminare\/","name":"Devenez membre au Golf Henri-Chapelle | 3 parcours uniques","isPartOf":{"@id":"https:\/\/golf.saturn.lws-servers.be\/de\/#website"},"datePublished":"2026-03-13T13:20:42+00:00","dateModified":"2026-04-24T09:08:10+00:00","description":"Rejoignez notre communaut\u00e9 de membre golf et profitez des 45 trous et de nos \u00e9quipements au Golf Henri-Chapelle. Inscrivez-vous d\u00e8s maintenant !","breadcrumb":{"@id":"https:\/\/golf.saturn.lws-servers.be\/de\/mitglieder\/seminare\/#breadcrumb"},"inLanguage":"de","potentialAction":[{"@type":"ReadAction","target":["https:\/\/golf.saturn.lws-servers.be\/de\/mitglieder\/seminare\/"]}]},{"@type":"BreadcrumbList","@id":"https:\/\/golf.saturn.lws-servers.be\/de\/mitglieder\/seminare\/#breadcrumb","itemListElement":[{"@type":"ListItem","position":1,"name":"Home","item":"https:\/\/golf.saturn.lws-servers.be\/de\/"},{"@type":"ListItem","position":2,"name":"Mitglieder","item":"https:\/\/golf.saturn.lws-servers.be\/de\/mitglieder\/"},{"@type":"ListItem","position":3,"name":"Seminare"}]},{"@type":"WebSite","@id":"https:\/\/golf.saturn.lws-servers.be\/de\/#website","url":"https:\/\/golf.saturn.lws-servers.be\/de\/","name":"Golf Henri-Chapelle Belgique Ardennes","description":"","alternateName":"Golf Henri-Chapelle","potentialAction":[{"@type":"SearchAction","target":{"@type":"EntryPoint","urlTemplate":"https:\/\/golf.saturn.lws-servers.be\/de\/?s={search_term_string}"},"query-input":{"@type":"PropertyValueSpecification","valueRequired":true,"valueName":"search_term_string"}}],"inLanguage":"de"}]}},"_links":{"self":[{"href":"https:\/\/golf.saturn.lws-servers.be\/de\/wp-json\/wp\/v2\/pages\/2989","targetHints":{"allow":["GET"]}}],"collection":[{"href":"https:\/\/golf.saturn.lws-servers.be\/de\/wp-json\/wp\/v2\/pages"}],"about":[{"href":"https:\/\/golf.saturn.lws-servers.be\/de\/wp-json\/wp\/v2\/types\/page"}],"author":[{"embeddable":true,"href":"https:\/\/golf.saturn.lws-servers.be\/de\/wp-json\/wp\/v2\/users\/1"}],"replies":[{"embeddable":true,"href":"https:\/\/golf.saturn.lws-servers.be\/de\/wp-json\/wp\/v2\/comments?post=2989"}],"version-history":[{"count":2,"href":"https:\/\/golf.saturn.lws-servers.be\/de\/wp-json\/wp\/v2\/pages\/2989\/revisions"}],"predecessor-version":[{"id":3667,"href":"https:\/\/golf.saturn.lws-servers.be\/de\/wp-json\/wp\/v2\/pages\/2989\/revisions\/3667"}],"up":[{"embeddable":true,"href":"https:\/\/golf.saturn.lws-servers.be\/de\/wp-json\/wp\/v2\/pages\/2919"}],"wp:attachment":[{"href":"https:\/\/golf.saturn.lws-servers.be\/de\/wp-json\/wp\/v2\/media?parent=2989"}],"curies":[{"name":"wp","href":"https:\/\/api.w.org\/{rel}","templated":true}]}}