{"id":2786,"date":"2026-03-01T13:52:35","date_gmt":"2026-03-01T12:52:35","guid":{"rendered":"https:\/\/golf.saturn.lws-servers.be\/academy\/initiations-events\/"},"modified":"2026-04-27T14:09:17","modified_gmt":"2026-04-27T12:09:17","slug":"inleidingen-en-events","status":"publish","type":"page","link":"https:\/\/golf.saturn.lws-servers.be\/nl\/academy\/inleidingen-en-events\/","title":{"rendered":"Inleidingen en events"},"content":{"rendered":"","protected":false},"excerpt":{"rendered":"","protected":false},"author":1,"featured_media":0,"parent":2758,"menu_order":38,"comment_status":"closed","ping_status":"closed","template":"","meta":{"_acf_changed":false,"inline_featured_image":false,"footnotes":""},"class_list":["post-2786","page","type-page","status-publish","hentry"],"acf":[],"yoast_head":"<!-- This site is optimized with the Yoast SEO plugin v27.4 - https:\/\/yoast.com\/product\/yoast-seo-wordpress\/ -->\n<title>Initiation golf Belgique : 100% gratuite et encadr\u00e9e par des pros !<\/title>\n<meta name=\"description\" content=\"Initiations gratuites au golf en Belgique. Apprenez les bases, d\u00e9couvrez nos parcours et profitez d&#039;une journ\u00e9e conviviale. Mat\u00e9riel fourni.\" \/>\n<meta name=\"robots\" content=\"noindex, follow, max-snippet:-1, max-image-preview:large, max-video-preview:-1\" \/>\n<meta property=\"og:locale\" content=\"nl_NL\" \/>\n<meta property=\"og:type\" content=\"article\" \/>\n<meta property=\"og:title\" content=\"Initiation golf Belgique : 100% gratuite et encadr\u00e9e par des pros !\" \/>\n<meta property=\"og:description\" content=\"Initiations gratuites au golf en Belgique. Apprenez les bases, d\u00e9couvrez nos parcours et profitez d&#039;une journ\u00e9e conviviale. Mat\u00e9riel fourni.\" \/>\n<meta property=\"og:url\" content=\"https:\/\/golf.saturn.lws-servers.be\/nl\/academy\/inleidingen-en-events\/\" \/>\n<meta property=\"og:site_name\" content=\"Golf Henri-Chapelle Belgique Ardennes\" \/>\n<meta property=\"article:publisher\" content=\"https:\/\/www.facebook.com\/golfhenrichapelle\/\" \/>\n<meta property=\"article:modified_time\" content=\"2026-04-27T12:09:17+00:00\" \/>\n<meta property=\"og:image\" content=\"https:\/\/golf.saturn.lws-servers.be\/wp-content\/uploads\/2026\/03\/initiation-4.png\" \/>\n\t<meta property=\"og:image:width\" content=\"905\" \/>\n\t<meta property=\"og:image:height\" content=\"605\" \/>\n\t<meta property=\"og:image:type\" content=\"image\/png\" \/>\n<meta name=\"twitter:card\" content=\"summary_large_image\" \/>\n<meta name=\"twitter:label1\" content=\"Geschatte leestijd\" \/>\n\t<meta name=\"twitter:data1\" content=\"4 minuten\" \/>\n<script type=\"application\/ld+json\" class=\"yoast-schema-graph\">{\"@context\":\"https:\\\/\\\/schema.org\",\"@graph\":[{\"@type\":\"WebPage\",\"@id\":\"https:\\\/\\\/golf.saturn.lws-servers.be\\\/nl\\\/academy\\\/inleidingen-en-events\\\/\",\"url\":\"https:\\\/\\\/golf.saturn.lws-servers.be\\\/nl\\\/academy\\\/inleidingen-en-events\\\/\",\"name\":\"Initiation golf Belgique : 100% gratuite et encadr\u00e9e par des pros !\",\"isPartOf\":{\"@id\":\"https:\\\/\\\/golf.saturn.lws-servers.be\\\/nl\\\/#website\"},\"datePublished\":\"2026-03-01T12:52:35+00:00\",\"dateModified\":\"2026-04-27T12:09:17+00:00\",\"description\":\"Initiations gratuites au golf en Belgique. Apprenez les bases, d\u00e9couvrez nos parcours et profitez d'une journ\u00e9e conviviale. Mat\u00e9riel fourni.\",\"breadcrumb\":{\"@id\":\"https:\\\/\\\/golf.saturn.lws-servers.be\\\/nl\\\/academy\\\/inleidingen-en-events\\\/#breadcrumb\"},\"inLanguage\":\"nl-NL\",\"potentialAction\":[{\"@type\":\"ReadAction\",\"target\":[\"https:\\\/\\\/golf.saturn.lws-servers.be\\\/nl\\\/academy\\\/inleidingen-en-events\\\/\"]}]},{\"@type\":\"BreadcrumbList\",\"@id\":\"https:\\\/\\\/golf.saturn.lws-servers.be\\\/nl\\\/academy\\\/inleidingen-en-events\\\/#breadcrumb\",\"itemListElement\":[{\"@type\":\"ListItem\",\"position\":1,\"name\":\"Home\",\"item\":\"https:\\\/\\\/golf.saturn.lws-servers.be\\\/nl\\\/\"},{\"@type\":\"ListItem\",\"position\":2,\"name\":\"Academy\",\"item\":\"https:\\\/\\\/golf.saturn.lws-servers.be\\\/nl\\\/academy\\\/\"},{\"@type\":\"ListItem\",\"position\":3,\"name\":\"Inleidingen en events\"}]},{\"@type\":\"WebSite\",\"@id\":\"https:\\\/\\\/golf.saturn.lws-servers.be\\\/nl\\\/#website\",\"url\":\"https:\\\/\\\/golf.saturn.lws-servers.be\\\/nl\\\/\",\"name\":\"Golf Henri-Chapelle Belgique Ardennes\",\"description\":\"\",\"alternateName\":\"Golf Henri-Chapelle\",\"potentialAction\":[{\"@type\":\"SearchAction\",\"target\":{\"@type\":\"EntryPoint\",\"urlTemplate\":\"https:\\\/\\\/golf.saturn.lws-servers.be\\\/nl\\\/?s={search_term_string}\"},\"query-input\":{\"@type\":\"PropertyValueSpecification\",\"valueRequired\":true,\"valueName\":\"search_term_string\"}}],\"inLanguage\":\"nl-NL\"}]}<\/script>\n<!-- \/ Yoast SEO plugin. -->","yoast_head_json":{"title":"Initiation golf Belgique : 100% gratuite et encadr\u00e9e par des pros !","description":"Initiations gratuites au golf en Belgique. Apprenez les bases, d\u00e9couvrez nos parcours et profitez d'une journ\u00e9e conviviale. Mat\u00e9riel fourni.","robots":{"index":"noindex","follow":"follow","max-snippet":"max-snippet:-1","max-image-preview":"max-image-preview:large","max-video-preview":"max-video-preview:-1"},"og_locale":"nl_NL","og_type":"article","og_title":"Initiation golf Belgique : 100% gratuite et encadr\u00e9e par des pros !","og_description":"Initiations gratuites au golf en Belgique. Apprenez les bases, d\u00e9couvrez nos parcours et profitez d'une journ\u00e9e conviviale. Mat\u00e9riel fourni.","og_url":"https:\/\/golf.saturn.lws-servers.be\/nl\/academy\/inleidingen-en-events\/","og_site_name":"Golf Henri-Chapelle Belgique Ardennes","article_publisher":"https:\/\/www.facebook.com\/golfhenrichapelle\/","article_modified_time":"2026-04-27T12:09:17+00:00","og_image":[{"width":905,"height":605,"url":"https:\/\/golf.saturn.lws-servers.be\/wp-content\/uploads\/2026\/03\/initiation-4.png","type":"image\/png"}],"twitter_card":"summary_large_image","twitter_misc":{"Geschatte leestijd":"4 minuten"},"schema":{"@context":"https:\/\/schema.org","@graph":[{"@type":"WebPage","@id":"https:\/\/golf.saturn.lws-servers.be\/nl\/academy\/inleidingen-en-events\/","url":"https:\/\/golf.saturn.lws-servers.be\/nl\/academy\/inleidingen-en-events\/","name":"Initiation golf Belgique : 100% gratuite et encadr\u00e9e par des pros !","isPartOf":{"@id":"https:\/\/golf.saturn.lws-servers.be\/nl\/#website"},"datePublished":"2026-03-01T12:52:35+00:00","dateModified":"2026-04-27T12:09:17+00:00","description":"Initiations gratuites au golf en Belgique. Apprenez les bases, d\u00e9couvrez nos parcours et profitez d'une journ\u00e9e conviviale. Mat\u00e9riel fourni.","breadcrumb":{"@id":"https:\/\/golf.saturn.lws-servers.be\/nl\/academy\/inleidingen-en-events\/#breadcrumb"},"inLanguage":"nl-NL","potentialAction":[{"@type":"ReadAction","target":["https:\/\/golf.saturn.lws-servers.be\/nl\/academy\/inleidingen-en-events\/"]}]},{"@type":"BreadcrumbList","@id":"https:\/\/golf.saturn.lws-servers.be\/nl\/academy\/inleidingen-en-events\/#breadcrumb","itemListElement":[{"@type":"ListItem","position":1,"name":"Home","item":"https:\/\/golf.saturn.lws-servers.be\/nl\/"},{"@type":"ListItem","position":2,"name":"Academy","item":"https:\/\/golf.saturn.lws-servers.be\/nl\/academy\/"},{"@type":"ListItem","position":3,"name":"Inleidingen en events"}]},{"@type":"WebSite","@id":"https:\/\/golf.saturn.lws-servers.be\/nl\/#website","url":"https:\/\/golf.saturn.lws-servers.be\/nl\/","name":"Golf Henri-Chapelle Belgique Ardennes","description":"","alternateName":"Golf Henri-Chapelle","potentialAction":[{"@type":"SearchAction","target":{"@type":"EntryPoint","urlTemplate":"https:\/\/golf.saturn.lws-servers.be\/nl\/?s={search_term_string}"},"query-input":{"@type":"PropertyValueSpecification","valueRequired":true,"valueName":"search_term_string"}}],"inLanguage":"nl-NL"}]}},"_links":{"self":[{"href":"https:\/\/golf.saturn.lws-servers.be\/nl\/wp-json\/wp\/v2\/pages\/2786","targetHints":{"allow":["GET"]}}],"collection":[{"href":"https:\/\/golf.saturn.lws-servers.be\/nl\/wp-json\/wp\/v2\/pages"}],"about":[{"href":"https:\/\/golf.saturn.lws-servers.be\/nl\/wp-json\/wp\/v2\/types\/page"}],"author":[{"embeddable":true,"href":"https:\/\/golf.saturn.lws-servers.be\/nl\/wp-json\/wp\/v2\/users\/1"}],"replies":[{"embeddable":true,"href":"https:\/\/golf.saturn.lws-servers.be\/nl\/wp-json\/wp\/v2\/comments?post=2786"}],"version-history":[{"count":11,"href":"https:\/\/golf.saturn.lws-servers.be\/nl\/wp-json\/wp\/v2\/pages\/2786\/revisions"}],"predecessor-version":[{"id":3891,"href":"https:\/\/golf.saturn.lws-servers.be\/nl\/wp-json\/wp\/v2\/pages\/2786\/revisions\/3891"}],"up":[{"embeddable":true,"href":"https:\/\/golf.saturn.lws-servers.be\/nl\/wp-json\/wp\/v2\/pages\/2758"}],"wp:attachment":[{"href":"https:\/\/golf.saturn.lws-servers.be\/nl\/wp-json\/wp\/v2\/media?parent=2786"}],"curies":[{"name":"wp","href":"https:\/\/api.w.org\/{rel}","templated":true}]}}