{"id":2832,"date":"2026-03-12T15:00:08","date_gmt":"2026-03-12T14:00:08","guid":{"rendered":"https:\/\/golf.saturn.lws-servers.be\/academy\/cours-prives-collectifs\/"},"modified":"2026-04-21T15:26:32","modified_gmt":"2026-04-21T13:26:32","slug":"prive-groepslessen","status":"publish","type":"page","link":"https:\/\/golf.saturn.lws-servers.be\/nl\/academy\/prive-groepslessen\/","title":{"rendered":"Prive Groepslessen"},"content":{"rendered":"","protected":false},"excerpt":{"rendered":"","protected":false},"author":1,"featured_media":0,"parent":2758,"menu_order":44,"comment_status":"closed","ping_status":"closed","template":"","meta":{"_acf_changed":false,"inline_featured_image":false,"footnotes":""},"class_list":["post-2832","page","type-page","status-publish","hentry"],"acf":[],"yoast_head":"<!-- This site is optimized with the Yoast SEO plugin v27.4 - https:\/\/yoast.com\/product\/yoast-seo-wordpress\/ -->\n<title>Acad\u00e9mie de golf : le\u00e7ons et perfectionnement en province de Li\u00e8ge<\/title>\n<meta name=\"description\" content=\"Acad\u00e9mie de golf en province de Li\u00e8ge : cours pour tous niveaux, perfectionnement, simulateur indoor. Rejoignez notre communaut\u00e9 de golfeurs.\" \/>\n<meta name=\"robots\" content=\"noindex, follow, max-snippet:-1, max-image-preview:large, max-video-preview:-1\" \/>\n<meta property=\"og:locale\" content=\"nl_NL\" \/>\n<meta property=\"og:type\" content=\"article\" \/>\n<meta property=\"og:title\" content=\"Acad\u00e9mie de golf : le\u00e7ons et perfectionnement en province de Li\u00e8ge\" \/>\n<meta property=\"og:description\" content=\"Acad\u00e9mie de golf en province de Li\u00e8ge : cours pour tous niveaux, perfectionnement, simulateur indoor. Rejoignez notre communaut\u00e9 de golfeurs.\" \/>\n<meta property=\"og:url\" content=\"https:\/\/golf.saturn.lws-servers.be\/nl\/academy\/prive-groepslessen\/\" \/>\n<meta property=\"og:site_name\" content=\"Golf Henri-Chapelle Belgique Ardennes\" \/>\n<meta property=\"article:publisher\" content=\"https:\/\/www.facebook.com\/golfhenrichapelle\/\" \/>\n<meta property=\"article:modified_time\" content=\"2026-04-21T13:26:32+00:00\" \/>\n<meta property=\"og:image\" content=\"https:\/\/golf.saturn.lws-servers.be\/wp-content\/uploads\/2026\/03\/cours-collectif-golf-henri-chapelle-1024x683.jpg\" \/>\n\t<meta property=\"og:image:width\" content=\"1024\" \/>\n\t<meta property=\"og:image:height\" content=\"683\" \/>\n\t<meta property=\"og:image:type\" content=\"image\/jpeg\" \/>\n<meta name=\"twitter:card\" content=\"summary_large_image\" \/>\n<meta name=\"twitter:label1\" content=\"Geschatte leestijd\" \/>\n\t<meta name=\"twitter:data1\" content=\"9 minuten\" \/>\n<script type=\"application\/ld+json\" class=\"yoast-schema-graph\">{\"@context\":\"https:\\\/\\\/schema.org\",\"@graph\":[{\"@type\":\"WebPage\",\"@id\":\"https:\\\/\\\/golf.saturn.lws-servers.be\\\/nl\\\/academy\\\/prive-groepslessen\\\/\",\"url\":\"https:\\\/\\\/golf.saturn.lws-servers.be\\\/nl\\\/academy\\\/prive-groepslessen\\\/\",\"name\":\"Acad\u00e9mie de golf : le\u00e7ons et perfectionnement en province de Li\u00e8ge\",\"isPartOf\":{\"@id\":\"https:\\\/\\\/golf.saturn.lws-servers.be\\\/nl\\\/#website\"},\"datePublished\":\"2026-03-12T14:00:08+00:00\",\"dateModified\":\"2026-04-21T13:26:32+00:00\",\"description\":\"Acad\u00e9mie de golf en province de Li\u00e8ge : cours pour tous niveaux, perfectionnement, simulateur indoor. Rejoignez notre communaut\u00e9 de golfeurs.\",\"breadcrumb\":{\"@id\":\"https:\\\/\\\/golf.saturn.lws-servers.be\\\/nl\\\/academy\\\/prive-groepslessen\\\/#breadcrumb\"},\"inLanguage\":\"nl-NL\",\"potentialAction\":[{\"@type\":\"ReadAction\",\"target\":[\"https:\\\/\\\/golf.saturn.lws-servers.be\\\/nl\\\/academy\\\/prive-groepslessen\\\/\"]}]},{\"@type\":\"BreadcrumbList\",\"@id\":\"https:\\\/\\\/golf.saturn.lws-servers.be\\\/nl\\\/academy\\\/prive-groepslessen\\\/#breadcrumb\",\"itemListElement\":[{\"@type\":\"ListItem\",\"position\":1,\"name\":\"Home\",\"item\":\"https:\\\/\\\/golf.saturn.lws-servers.be\\\/nl\\\/\"},{\"@type\":\"ListItem\",\"position\":2,\"name\":\"Academy\",\"item\":\"https:\\\/\\\/golf.saturn.lws-servers.be\\\/nl\\\/academy\\\/\"},{\"@type\":\"ListItem\",\"position\":3,\"name\":\"Prive Groepslessen\"}]},{\"@type\":\"WebSite\",\"@id\":\"https:\\\/\\\/golf.saturn.lws-servers.be\\\/nl\\\/#website\",\"url\":\"https:\\\/\\\/golf.saturn.lws-servers.be\\\/nl\\\/\",\"name\":\"Golf Henri-Chapelle Belgique Ardennes\",\"description\":\"\",\"alternateName\":\"Golf Henri-Chapelle\",\"potentialAction\":[{\"@type\":\"SearchAction\",\"target\":{\"@type\":\"EntryPoint\",\"urlTemplate\":\"https:\\\/\\\/golf.saturn.lws-servers.be\\\/nl\\\/?s={search_term_string}\"},\"query-input\":{\"@type\":\"PropertyValueSpecification\",\"valueRequired\":true,\"valueName\":\"search_term_string\"}}],\"inLanguage\":\"nl-NL\"}]}<\/script>\n<!-- \/ Yoast SEO plugin. -->","yoast_head_json":{"title":"Acad\u00e9mie de golf : le\u00e7ons et perfectionnement en province de Li\u00e8ge","description":"Acad\u00e9mie de golf en province de Li\u00e8ge : cours pour tous niveaux, perfectionnement, simulateur indoor. Rejoignez notre communaut\u00e9 de golfeurs.","robots":{"index":"noindex","follow":"follow","max-snippet":"max-snippet:-1","max-image-preview":"max-image-preview:large","max-video-preview":"max-video-preview:-1"},"og_locale":"nl_NL","og_type":"article","og_title":"Acad\u00e9mie de golf : le\u00e7ons et perfectionnement en province de Li\u00e8ge","og_description":"Acad\u00e9mie de golf en province de Li\u00e8ge : cours pour tous niveaux, perfectionnement, simulateur indoor. Rejoignez notre communaut\u00e9 de golfeurs.","og_url":"https:\/\/golf.saturn.lws-servers.be\/nl\/academy\/prive-groepslessen\/","og_site_name":"Golf Henri-Chapelle Belgique Ardennes","article_publisher":"https:\/\/www.facebook.com\/golfhenrichapelle\/","article_modified_time":"2026-04-21T13:26:32+00:00","og_image":[{"width":1024,"height":683,"url":"https:\/\/golf.saturn.lws-servers.be\/wp-content\/uploads\/2026\/03\/cours-collectif-golf-henri-chapelle-1024x683.jpg","type":"image\/jpeg"}],"twitter_card":"summary_large_image","twitter_misc":{"Geschatte leestijd":"9 minuten"},"schema":{"@context":"https:\/\/schema.org","@graph":[{"@type":"WebPage","@id":"https:\/\/golf.saturn.lws-servers.be\/nl\/academy\/prive-groepslessen\/","url":"https:\/\/golf.saturn.lws-servers.be\/nl\/academy\/prive-groepslessen\/","name":"Acad\u00e9mie de golf : le\u00e7ons et perfectionnement en province de Li\u00e8ge","isPartOf":{"@id":"https:\/\/golf.saturn.lws-servers.be\/nl\/#website"},"datePublished":"2026-03-12T14:00:08+00:00","dateModified":"2026-04-21T13:26:32+00:00","description":"Acad\u00e9mie de golf en province de Li\u00e8ge : cours pour tous niveaux, perfectionnement, simulateur indoor. Rejoignez notre communaut\u00e9 de golfeurs.","breadcrumb":{"@id":"https:\/\/golf.saturn.lws-servers.be\/nl\/academy\/prive-groepslessen\/#breadcrumb"},"inLanguage":"nl-NL","potentialAction":[{"@type":"ReadAction","target":["https:\/\/golf.saturn.lws-servers.be\/nl\/academy\/prive-groepslessen\/"]}]},{"@type":"BreadcrumbList","@id":"https:\/\/golf.saturn.lws-servers.be\/nl\/academy\/prive-groepslessen\/#breadcrumb","itemListElement":[{"@type":"ListItem","position":1,"name":"Home","item":"https:\/\/golf.saturn.lws-servers.be\/nl\/"},{"@type":"ListItem","position":2,"name":"Academy","item":"https:\/\/golf.saturn.lws-servers.be\/nl\/academy\/"},{"@type":"ListItem","position":3,"name":"Prive Groepslessen"}]},{"@type":"WebSite","@id":"https:\/\/golf.saturn.lws-servers.be\/nl\/#website","url":"https:\/\/golf.saturn.lws-servers.be\/nl\/","name":"Golf Henri-Chapelle Belgique Ardennes","description":"","alternateName":"Golf Henri-Chapelle","potentialAction":[{"@type":"SearchAction","target":{"@type":"EntryPoint","urlTemplate":"https:\/\/golf.saturn.lws-servers.be\/nl\/?s={search_term_string}"},"query-input":{"@type":"PropertyValueSpecification","valueRequired":true,"valueName":"search_term_string"}}],"inLanguage":"nl-NL"}]}},"_links":{"self":[{"href":"https:\/\/golf.saturn.lws-servers.be\/nl\/wp-json\/wp\/v2\/pages\/2832","targetHints":{"allow":["GET"]}}],"collection":[{"href":"https:\/\/golf.saturn.lws-servers.be\/nl\/wp-json\/wp\/v2\/pages"}],"about":[{"href":"https:\/\/golf.saturn.lws-servers.be\/nl\/wp-json\/wp\/v2\/types\/page"}],"author":[{"embeddable":true,"href":"https:\/\/golf.saturn.lws-servers.be\/nl\/wp-json\/wp\/v2\/users\/1"}],"replies":[{"embeddable":true,"href":"https:\/\/golf.saturn.lws-servers.be\/nl\/wp-json\/wp\/v2\/comments?post=2832"}],"version-history":[{"count":2,"href":"https:\/\/golf.saturn.lws-servers.be\/nl\/wp-json\/wp\/v2\/pages\/2832\/revisions"}],"predecessor-version":[{"id":3280,"href":"https:\/\/golf.saturn.lws-servers.be\/nl\/wp-json\/wp\/v2\/pages\/2832\/revisions\/3280"}],"up":[{"embeddable":true,"href":"https:\/\/golf.saturn.lws-servers.be\/nl\/wp-json\/wp\/v2\/pages\/2758"}],"wp:attachment":[{"href":"https:\/\/golf.saturn.lws-servers.be\/nl\/wp-json\/wp\/v2\/media?parent=2832"}],"curies":[{"name":"wp","href":"https:\/\/api.w.org\/{rel}","templated":true}]}}