{"id":2867,"date":"2026-03-06T14:33:33","date_gmt":"2026-03-06T13:33:33","guid":{"rendered":"https:\/\/golf.saturn.lws-servers.be\/hotel\/"},"modified":"2026-04-21T16:43:07","modified_gmt":"2026-04-21T14:43:07","slug":"hotel","status":"publish","type":"page","link":"https:\/\/golf.saturn.lws-servers.be\/nl\/hotel\/","title":{"rendered":"Hotel"},"content":{"rendered":"","protected":false},"excerpt":{"rendered":"","protected":false},"author":1,"featured_media":0,"parent":0,"menu_order":50,"comment_status":"closed","ping_status":"closed","template":"","meta":{"_acf_changed":false,"inline_featured_image":false,"footnotes":""},"class_list":["post-2867","page","type-page","status-publish","hentry"],"acf":[],"yoast_head":"<!-- This site is optimized with the Yoast SEO plugin v27.4 - https:\/\/yoast.com\/product\/yoast-seo-wordpress\/ -->\n<title>Golf Henri Chapelle - H\u00f4tel \u00e0 Herve id\u00e9al pour un golf trip<\/title>\n<meta name=\"description\" content=\"Passez un s\u00e9jour agr\u00e9able et unique dans notre h\u00f4tel \u00e0 Henri Chapelle situ\u00e9 au bord des terrains de golf. Profitez de nos offres et r\u00e9servez votre chambre.\" \/>\n<meta name=\"robots\" content=\"noindex, follow, max-snippet:-1, max-image-preview:large, max-video-preview:-1\" \/>\n<meta property=\"og:locale\" content=\"nl_NL\" \/>\n<meta property=\"og:type\" content=\"article\" \/>\n<meta property=\"og:title\" content=\"Golf Henri Chapelle - H\u00f4tel \u00e0 Herve id\u00e9al pour un golf trip\" \/>\n<meta property=\"og:description\" content=\"Passez un s\u00e9jour agr\u00e9able et unique dans notre h\u00f4tel \u00e0 Henri Chapelle situ\u00e9 au bord des terrains de golf. Profitez de nos offres et r\u00e9servez votre chambre.\" \/>\n<meta property=\"og:url\" content=\"https:\/\/golf.saturn.lws-servers.be\/nl\/hotel\/\" \/>\n<meta property=\"og:site_name\" content=\"Golf Henri-Chapelle Belgique Ardennes\" \/>\n<meta property=\"article:publisher\" content=\"https:\/\/www.facebook.com\/golfhenrichapelle\/\" \/>\n<meta property=\"article:modified_time\" content=\"2026-04-21T14:43:07+00:00\" \/>\n<meta property=\"og:image\" content=\"https:\/\/golf.saturn.lws-servers.be\/wp-content\/uploads\/2026\/03\/golf-henri-chapelle-hotel-1024x703.jpg\" \/>\n\t<meta property=\"og:image:width\" content=\"1024\" \/>\n\t<meta property=\"og:image:height\" content=\"703\" \/>\n\t<meta property=\"og:image:type\" content=\"image\/jpeg\" \/>\n<meta name=\"twitter:card\" content=\"summary_large_image\" \/>\n<meta name=\"twitter:label1\" content=\"Geschatte leestijd\" \/>\n\t<meta name=\"twitter:data1\" content=\"10 minuten\" \/>\n<script type=\"application\/ld+json\" class=\"yoast-schema-graph\">{\"@context\":\"https:\\\/\\\/schema.org\",\"@graph\":[{\"@type\":\"WebPage\",\"@id\":\"https:\\\/\\\/golf.saturn.lws-servers.be\\\/nl\\\/hotel\\\/\",\"url\":\"https:\\\/\\\/golf.saturn.lws-servers.be\\\/nl\\\/hotel\\\/\",\"name\":\"Golf Henri Chapelle - H\u00f4tel \u00e0 Herve id\u00e9al pour un golf trip\",\"isPartOf\":{\"@id\":\"https:\\\/\\\/golf.saturn.lws-servers.be\\\/nl\\\/#website\"},\"datePublished\":\"2026-03-06T13:33:33+00:00\",\"dateModified\":\"2026-04-21T14:43:07+00:00\",\"description\":\"Passez un s\u00e9jour agr\u00e9able et unique dans notre h\u00f4tel \u00e0 Henri Chapelle situ\u00e9 au bord des terrains de golf. Profitez de nos offres et r\u00e9servez votre chambre.\",\"breadcrumb\":{\"@id\":\"https:\\\/\\\/golf.saturn.lws-servers.be\\\/nl\\\/hotel\\\/#breadcrumb\"},\"inLanguage\":\"nl-NL\",\"potentialAction\":[{\"@type\":\"ReadAction\",\"target\":[\"https:\\\/\\\/golf.saturn.lws-servers.be\\\/nl\\\/hotel\\\/\"]}]},{\"@type\":\"BreadcrumbList\",\"@id\":\"https:\\\/\\\/golf.saturn.lws-servers.be\\\/nl\\\/hotel\\\/#breadcrumb\",\"itemListElement\":[{\"@type\":\"ListItem\",\"position\":1,\"name\":\"Home\",\"item\":\"https:\\\/\\\/golf.saturn.lws-servers.be\\\/nl\\\/\"},{\"@type\":\"ListItem\",\"position\":2,\"name\":\"Hotel\"}]},{\"@type\":\"WebSite\",\"@id\":\"https:\\\/\\\/golf.saturn.lws-servers.be\\\/nl\\\/#website\",\"url\":\"https:\\\/\\\/golf.saturn.lws-servers.be\\\/nl\\\/\",\"name\":\"Golf Henri-Chapelle Belgique Ardennes\",\"description\":\"\",\"alternateName\":\"Golf Henri-Chapelle\",\"potentialAction\":[{\"@type\":\"SearchAction\",\"target\":{\"@type\":\"EntryPoint\",\"urlTemplate\":\"https:\\\/\\\/golf.saturn.lws-servers.be\\\/nl\\\/?s={search_term_string}\"},\"query-input\":{\"@type\":\"PropertyValueSpecification\",\"valueRequired\":true,\"valueName\":\"search_term_string\"}}],\"inLanguage\":\"nl-NL\"}]}<\/script>\n<!-- \/ Yoast SEO plugin. -->","yoast_head_json":{"title":"Golf Henri Chapelle - H\u00f4tel \u00e0 Herve id\u00e9al pour un golf trip","description":"Passez un s\u00e9jour agr\u00e9able et unique dans notre h\u00f4tel \u00e0 Henri Chapelle situ\u00e9 au bord des terrains de golf. Profitez de nos offres et r\u00e9servez votre chambre.","robots":{"index":"noindex","follow":"follow","max-snippet":"max-snippet:-1","max-image-preview":"max-image-preview:large","max-video-preview":"max-video-preview:-1"},"og_locale":"nl_NL","og_type":"article","og_title":"Golf Henri Chapelle - H\u00f4tel \u00e0 Herve id\u00e9al pour un golf trip","og_description":"Passez un s\u00e9jour agr\u00e9able et unique dans notre h\u00f4tel \u00e0 Henri Chapelle situ\u00e9 au bord des terrains de golf. Profitez de nos offres et r\u00e9servez votre chambre.","og_url":"https:\/\/golf.saturn.lws-servers.be\/nl\/hotel\/","og_site_name":"Golf Henri-Chapelle Belgique Ardennes","article_publisher":"https:\/\/www.facebook.com\/golfhenrichapelle\/","article_modified_time":"2026-04-21T14:43:07+00:00","og_image":[{"width":1024,"height":703,"url":"https:\/\/golf.saturn.lws-servers.be\/wp-content\/uploads\/2026\/03\/golf-henri-chapelle-hotel-1024x703.jpg","type":"image\/jpeg"}],"twitter_card":"summary_large_image","twitter_misc":{"Geschatte leestijd":"10 minuten"},"schema":{"@context":"https:\/\/schema.org","@graph":[{"@type":"WebPage","@id":"https:\/\/golf.saturn.lws-servers.be\/nl\/hotel\/","url":"https:\/\/golf.saturn.lws-servers.be\/nl\/hotel\/","name":"Golf Henri Chapelle - H\u00f4tel \u00e0 Herve id\u00e9al pour un golf trip","isPartOf":{"@id":"https:\/\/golf.saturn.lws-servers.be\/nl\/#website"},"datePublished":"2026-03-06T13:33:33+00:00","dateModified":"2026-04-21T14:43:07+00:00","description":"Passez un s\u00e9jour agr\u00e9able et unique dans notre h\u00f4tel \u00e0 Henri Chapelle situ\u00e9 au bord des terrains de golf. Profitez de nos offres et r\u00e9servez votre chambre.","breadcrumb":{"@id":"https:\/\/golf.saturn.lws-servers.be\/nl\/hotel\/#breadcrumb"},"inLanguage":"nl-NL","potentialAction":[{"@type":"ReadAction","target":["https:\/\/golf.saturn.lws-servers.be\/nl\/hotel\/"]}]},{"@type":"BreadcrumbList","@id":"https:\/\/golf.saturn.lws-servers.be\/nl\/hotel\/#breadcrumb","itemListElement":[{"@type":"ListItem","position":1,"name":"Home","item":"https:\/\/golf.saturn.lws-servers.be\/nl\/"},{"@type":"ListItem","position":2,"name":"Hotel"}]},{"@type":"WebSite","@id":"https:\/\/golf.saturn.lws-servers.be\/nl\/#website","url":"https:\/\/golf.saturn.lws-servers.be\/nl\/","name":"Golf Henri-Chapelle Belgique Ardennes","description":"","alternateName":"Golf Henri-Chapelle","potentialAction":[{"@type":"SearchAction","target":{"@type":"EntryPoint","urlTemplate":"https:\/\/golf.saturn.lws-servers.be\/nl\/?s={search_term_string}"},"query-input":{"@type":"PropertyValueSpecification","valueRequired":true,"valueName":"search_term_string"}}],"inLanguage":"nl-NL"}]}},"_links":{"self":[{"href":"https:\/\/golf.saturn.lws-servers.be\/nl\/wp-json\/wp\/v2\/pages\/2867","targetHints":{"allow":["GET"]}}],"collection":[{"href":"https:\/\/golf.saturn.lws-servers.be\/nl\/wp-json\/wp\/v2\/pages"}],"about":[{"href":"https:\/\/golf.saturn.lws-servers.be\/nl\/wp-json\/wp\/v2\/types\/page"}],"author":[{"embeddable":true,"href":"https:\/\/golf.saturn.lws-servers.be\/nl\/wp-json\/wp\/v2\/users\/1"}],"replies":[{"embeddable":true,"href":"https:\/\/golf.saturn.lws-servers.be\/nl\/wp-json\/wp\/v2\/comments?post=2867"}],"version-history":[{"count":3,"href":"https:\/\/golf.saturn.lws-servers.be\/nl\/wp-json\/wp\/v2\/pages\/2867\/revisions"}],"predecessor-version":[{"id":3300,"href":"https:\/\/golf.saturn.lws-servers.be\/nl\/wp-json\/wp\/v2\/pages\/2867\/revisions\/3300"}],"wp:attachment":[{"href":"https:\/\/golf.saturn.lws-servers.be\/nl\/wp-json\/wp\/v2\/media?parent=2867"}],"curies":[{"name":"wp","href":"https:\/\/api.w.org\/{rel}","templated":true}]}}