{"id":2901,"date":"2026-02-26T13:19:46","date_gmt":"2026-02-26T12:19:46","guid":{"rendered":"https:\/\/golf.saturn.lws-servers.be\/restaurant\/"},"modified":"2026-04-21T16:00:18","modified_gmt":"2026-04-21T14:00:18","slug":"restaurant","status":"publish","type":"page","link":"https:\/\/golf.saturn.lws-servers.be\/nl\/restaurant\/","title":{"rendered":"Restaurant"},"content":{"rendered":"","protected":false},"excerpt":{"rendered":"","protected":false},"author":1,"featured_media":0,"parent":0,"menu_order":53,"comment_status":"closed","ping_status":"closed","template":"","meta":{"_acf_changed":false,"inline_featured_image":false,"footnotes":""},"class_list":["post-2901","page","type-page","status-publish","hentry"],"acf":[],"yoast_head":"<!-- This site is optimized with the Yoast SEO plugin v27.4 - https:\/\/yoast.com\/product\/yoast-seo-wordpress\/ -->\n<title>Restaurant Golf Henri-Chapelle | Cuisine r\u00e9gionale et vue<\/title>\n<meta name=\"description\" content=\"Profitez du restaurant golf au Golf Henri-Chapelle avec de la cuisine r\u00e9gionale et une vue sur les greens. R\u00e9servez votre table d\u00e8s maintenant !\" \/>\n<meta name=\"robots\" content=\"noindex, follow, max-snippet:-1, max-image-preview:large, max-video-preview:-1\" \/>\n<meta property=\"og:locale\" content=\"nl_NL\" \/>\n<meta property=\"og:type\" content=\"article\" \/>\n<meta property=\"og:title\" content=\"Restaurant Golf Henri-Chapelle | Cuisine r\u00e9gionale et vue\" \/>\n<meta property=\"og:description\" content=\"Profitez du restaurant golf au Golf Henri-Chapelle avec de la cuisine r\u00e9gionale et une vue sur les greens. R\u00e9servez votre table d\u00e8s maintenant !\" \/>\n<meta property=\"og:url\" content=\"https:\/\/golf.saturn.lws-servers.be\/nl\/restaurant\/\" \/>\n<meta property=\"og:site_name\" content=\"Golf Henri-Chapelle Belgique Ardennes\" \/>\n<meta property=\"article:publisher\" content=\"https:\/\/www.facebook.com\/golfhenrichapelle\/\" \/>\n<meta property=\"article:modified_time\" content=\"2026-04-21T14:00:18+00:00\" \/>\n<meta property=\"og:image\" content=\"https:\/\/golf.saturn.lws-servers.be\/wp-content\/uploads\/2026\/03\/golf-henri-chapelle-club-house-restaurant-27-1.jpg\" \/>\n\t<meta property=\"og:image:width\" content=\"2000\" \/>\n\t<meta property=\"og:image:height\" content=\"1333\" \/>\n\t<meta property=\"og:image:type\" content=\"image\/jpeg\" \/>\n<meta name=\"twitter:card\" content=\"summary_large_image\" \/>\n<meta name=\"twitter:label1\" content=\"Geschatte leestijd\" \/>\n\t<meta name=\"twitter:data1\" content=\"6 minuten\" \/>\n<script type=\"application\/ld+json\" class=\"yoast-schema-graph\">{\"@context\":\"https:\\\/\\\/schema.org\",\"@graph\":[{\"@type\":\"WebPage\",\"@id\":\"https:\\\/\\\/golf.saturn.lws-servers.be\\\/nl\\\/restaurant\\\/\",\"url\":\"https:\\\/\\\/golf.saturn.lws-servers.be\\\/nl\\\/restaurant\\\/\",\"name\":\"Restaurant Golf Henri-Chapelle | Cuisine r\u00e9gionale et vue\",\"isPartOf\":{\"@id\":\"https:\\\/\\\/golf.saturn.lws-servers.be\\\/nl\\\/#website\"},\"datePublished\":\"2026-02-26T12:19:46+00:00\",\"dateModified\":\"2026-04-21T14:00:18+00:00\",\"description\":\"Profitez du restaurant golf au Golf Henri-Chapelle avec de la cuisine r\u00e9gionale et une vue sur les greens. R\u00e9servez votre table d\u00e8s maintenant !\",\"breadcrumb\":{\"@id\":\"https:\\\/\\\/golf.saturn.lws-servers.be\\\/nl\\\/restaurant\\\/#breadcrumb\"},\"inLanguage\":\"nl-NL\",\"potentialAction\":[{\"@type\":\"ReadAction\",\"target\":[\"https:\\\/\\\/golf.saturn.lws-servers.be\\\/nl\\\/restaurant\\\/\"]}]},{\"@type\":\"BreadcrumbList\",\"@id\":\"https:\\\/\\\/golf.saturn.lws-servers.be\\\/nl\\\/restaurant\\\/#breadcrumb\",\"itemListElement\":[{\"@type\":\"ListItem\",\"position\":1,\"name\":\"Home\",\"item\":\"https:\\\/\\\/golf.saturn.lws-servers.be\\\/nl\\\/\"},{\"@type\":\"ListItem\",\"position\":2,\"name\":\"Restaurant\"}]},{\"@type\":\"WebSite\",\"@id\":\"https:\\\/\\\/golf.saturn.lws-servers.be\\\/nl\\\/#website\",\"url\":\"https:\\\/\\\/golf.saturn.lws-servers.be\\\/nl\\\/\",\"name\":\"Golf Henri-Chapelle Belgique Ardennes\",\"description\":\"\",\"alternateName\":\"Golf Henri-Chapelle\",\"potentialAction\":[{\"@type\":\"SearchAction\",\"target\":{\"@type\":\"EntryPoint\",\"urlTemplate\":\"https:\\\/\\\/golf.saturn.lws-servers.be\\\/nl\\\/?s={search_term_string}\"},\"query-input\":{\"@type\":\"PropertyValueSpecification\",\"valueRequired\":true,\"valueName\":\"search_term_string\"}}],\"inLanguage\":\"nl-NL\"}]}<\/script>\n<!-- \/ Yoast SEO plugin. -->","yoast_head_json":{"title":"Restaurant Golf Henri-Chapelle | Cuisine r\u00e9gionale et vue","description":"Profitez du restaurant golf au Golf Henri-Chapelle avec de la cuisine r\u00e9gionale et une vue sur les greens. R\u00e9servez votre table d\u00e8s maintenant !","robots":{"index":"noindex","follow":"follow","max-snippet":"max-snippet:-1","max-image-preview":"max-image-preview:large","max-video-preview":"max-video-preview:-1"},"og_locale":"nl_NL","og_type":"article","og_title":"Restaurant Golf Henri-Chapelle | Cuisine r\u00e9gionale et vue","og_description":"Profitez du restaurant golf au Golf Henri-Chapelle avec de la cuisine r\u00e9gionale et une vue sur les greens. R\u00e9servez votre table d\u00e8s maintenant !","og_url":"https:\/\/golf.saturn.lws-servers.be\/nl\/restaurant\/","og_site_name":"Golf Henri-Chapelle Belgique Ardennes","article_publisher":"https:\/\/www.facebook.com\/golfhenrichapelle\/","article_modified_time":"2026-04-21T14:00:18+00:00","og_image":[{"width":2000,"height":1333,"url":"https:\/\/golf.saturn.lws-servers.be\/wp-content\/uploads\/2026\/03\/golf-henri-chapelle-club-house-restaurant-27-1.jpg","type":"image\/jpeg"}],"twitter_card":"summary_large_image","twitter_misc":{"Geschatte leestijd":"6 minuten"},"schema":{"@context":"https:\/\/schema.org","@graph":[{"@type":"WebPage","@id":"https:\/\/golf.saturn.lws-servers.be\/nl\/restaurant\/","url":"https:\/\/golf.saturn.lws-servers.be\/nl\/restaurant\/","name":"Restaurant Golf Henri-Chapelle | Cuisine r\u00e9gionale et vue","isPartOf":{"@id":"https:\/\/golf.saturn.lws-servers.be\/nl\/#website"},"datePublished":"2026-02-26T12:19:46+00:00","dateModified":"2026-04-21T14:00:18+00:00","description":"Profitez du restaurant golf au Golf Henri-Chapelle avec de la cuisine r\u00e9gionale et une vue sur les greens. R\u00e9servez votre table d\u00e8s maintenant !","breadcrumb":{"@id":"https:\/\/golf.saturn.lws-servers.be\/nl\/restaurant\/#breadcrumb"},"inLanguage":"nl-NL","potentialAction":[{"@type":"ReadAction","target":["https:\/\/golf.saturn.lws-servers.be\/nl\/restaurant\/"]}]},{"@type":"BreadcrumbList","@id":"https:\/\/golf.saturn.lws-servers.be\/nl\/restaurant\/#breadcrumb","itemListElement":[{"@type":"ListItem","position":1,"name":"Home","item":"https:\/\/golf.saturn.lws-servers.be\/nl\/"},{"@type":"ListItem","position":2,"name":"Restaurant"}]},{"@type":"WebSite","@id":"https:\/\/golf.saturn.lws-servers.be\/nl\/#website","url":"https:\/\/golf.saturn.lws-servers.be\/nl\/","name":"Golf Henri-Chapelle Belgique Ardennes","description":"","alternateName":"Golf Henri-Chapelle","potentialAction":[{"@type":"SearchAction","target":{"@type":"EntryPoint","urlTemplate":"https:\/\/golf.saturn.lws-servers.be\/nl\/?s={search_term_string}"},"query-input":{"@type":"PropertyValueSpecification","valueRequired":true,"valueName":"search_term_string"}}],"inLanguage":"nl-NL"}]}},"_links":{"self":[{"href":"https:\/\/golf.saturn.lws-servers.be\/nl\/wp-json\/wp\/v2\/pages\/2901","targetHints":{"allow":["GET"]}}],"collection":[{"href":"https:\/\/golf.saturn.lws-servers.be\/nl\/wp-json\/wp\/v2\/pages"}],"about":[{"href":"https:\/\/golf.saturn.lws-servers.be\/nl\/wp-json\/wp\/v2\/types\/page"}],"author":[{"embeddable":true,"href":"https:\/\/golf.saturn.lws-servers.be\/nl\/wp-json\/wp\/v2\/users\/1"}],"replies":[{"embeddable":true,"href":"https:\/\/golf.saturn.lws-servers.be\/nl\/wp-json\/wp\/v2\/comments?post=2901"}],"version-history":[{"count":2,"href":"https:\/\/golf.saturn.lws-servers.be\/nl\/wp-json\/wp\/v2\/pages\/2901\/revisions"}],"predecessor-version":[{"id":3283,"href":"https:\/\/golf.saturn.lws-servers.be\/nl\/wp-json\/wp\/v2\/pages\/2901\/revisions\/3283"}],"wp:attachment":[{"href":"https:\/\/golf.saturn.lws-servers.be\/nl\/wp-json\/wp\/v2\/media?parent=2901"}],"curies":[{"name":"wp","href":"https:\/\/api.w.org\/{rel}","templated":true}]}}