{"id":2979,"date":"2026-03-09T11:19:57","date_gmt":"2026-03-09T10:19:57","guid":{"rendered":"https:\/\/golf.saturn.lws-servers.be\/leden\/nos-societes-partenaires\/"},"modified":"2026-04-21T16:21:32","modified_gmt":"2026-04-21T14:21:32","slug":"onze-partnerbedrijven","status":"publish","type":"page","link":"https:\/\/golf.saturn.lws-servers.be\/nl\/leden\/onze-partnerbedrijven\/","title":{"rendered":"Onze partnerbedrijven"},"content":{"rendered":"","protected":false},"excerpt":{"rendered":"","protected":false},"author":1,"featured_media":0,"parent":2917,"menu_order":72,"comment_status":"closed","ping_status":"closed","template":"","meta":{"_acf_changed":false,"inline_featured_image":false,"footnotes":""},"class_list":["post-2979","page","type-page","status-publish","hentry"],"acf":[],"yoast_head":"<!-- This site is optimized with the Yoast SEO plugin v27.4 - https:\/\/yoast.com\/product\/yoast-seo-wordpress\/ -->\n<title>Nos soci\u00e9t\u00e9s partenaires - Golf Henri Chapelle Belgique Ardennes<\/title>\n<meta name=\"description\" content=\"Business Club by Golf Henri-Chapelle Aujourd\u2019hui, nous sommes fiers de compter plus de 180 entreprises parmi notre Business Club. Ces entreprises utilisent le golf comme plateforme pour d\u00e9velopper leurs relations commerciales et \u00e9largir leur port\u00e9e.\" \/>\n<meta name=\"robots\" content=\"noindex, follow, max-snippet:-1, max-image-preview:large, max-video-preview:-1\" \/>\n<meta property=\"og:locale\" content=\"nl_NL\" \/>\n<meta property=\"og:type\" content=\"article\" \/>\n<meta property=\"og:title\" content=\"Nos soci\u00e9t\u00e9s partenaires - Golf Henri Chapelle Belgique Ardennes\" \/>\n<meta property=\"og:description\" content=\"Business Club by Golf Henri-Chapelle Aujourd\u2019hui, nous sommes fiers de compter plus de 180 entreprises parmi notre Business Club. Ces entreprises utilisent le golf comme plateforme pour d\u00e9velopper leurs relations commerciales et \u00e9largir leur port\u00e9e.\" \/>\n<meta property=\"og:url\" content=\"https:\/\/golf.saturn.lws-servers.be\/nl\/leden\/onze-partnerbedrijven\/\" \/>\n<meta property=\"og:site_name\" content=\"Golf Henri-Chapelle Belgique Ardennes\" \/>\n<meta property=\"article:publisher\" content=\"https:\/\/www.facebook.com\/golfhenrichapelle\/\" \/>\n<meta property=\"article:modified_time\" content=\"2026-04-21T14:21:32+00:00\" \/>\n<meta property=\"og:image\" content=\"https:\/\/golf.saturn.lws-servers.be\/wp-content\/uploads\/2026\/03\/cours-collectif-golf-henri-chapelle-1024x683.jpg\" \/>\n\t<meta property=\"og:image:width\" content=\"1024\" \/>\n\t<meta property=\"og:image:height\" content=\"683\" \/>\n\t<meta property=\"og:image:type\" content=\"image\/jpeg\" \/>\n<meta name=\"twitter:card\" content=\"summary_large_image\" \/>\n<meta name=\"twitter:label1\" content=\"Geschatte leestijd\" \/>\n\t<meta name=\"twitter:data1\" content=\"2 minuten\" \/>\n<script type=\"application\/ld+json\" class=\"yoast-schema-graph\">{\"@context\":\"https:\\\/\\\/schema.org\",\"@graph\":[{\"@type\":\"WebPage\",\"@id\":\"https:\\\/\\\/golf.saturn.lws-servers.be\\\/nl\\\/leden\\\/onze-partnerbedrijven\\\/\",\"url\":\"https:\\\/\\\/golf.saturn.lws-servers.be\\\/nl\\\/leden\\\/onze-partnerbedrijven\\\/\",\"name\":\"Nos soci\u00e9t\u00e9s partenaires - Golf Henri Chapelle Belgique Ardennes\",\"isPartOf\":{\"@id\":\"https:\\\/\\\/golf.saturn.lws-servers.be\\\/nl\\\/#website\"},\"datePublished\":\"2026-03-09T10:19:57+00:00\",\"dateModified\":\"2026-04-21T14:21:32+00:00\",\"description\":\"Business Club by Golf Henri-Chapelle Aujourd\u2019hui, nous sommes fiers de compter plus de 180 entreprises parmi notre Business Club. Ces entreprises utilisent le golf comme plateforme pour d\u00e9velopper leurs relations commerciales et \u00e9largir leur port\u00e9e.\",\"breadcrumb\":{\"@id\":\"https:\\\/\\\/golf.saturn.lws-servers.be\\\/nl\\\/leden\\\/onze-partnerbedrijven\\\/#breadcrumb\"},\"inLanguage\":\"nl-NL\",\"potentialAction\":[{\"@type\":\"ReadAction\",\"target\":[\"https:\\\/\\\/golf.saturn.lws-servers.be\\\/nl\\\/leden\\\/onze-partnerbedrijven\\\/\"]}]},{\"@type\":\"BreadcrumbList\",\"@id\":\"https:\\\/\\\/golf.saturn.lws-servers.be\\\/nl\\\/leden\\\/onze-partnerbedrijven\\\/#breadcrumb\",\"itemListElement\":[{\"@type\":\"ListItem\",\"position\":1,\"name\":\"Home\",\"item\":\"https:\\\/\\\/golf.saturn.lws-servers.be\\\/nl\\\/\"},{\"@type\":\"ListItem\",\"position\":2,\"name\":\"Leden\",\"item\":\"https:\\\/\\\/golf.saturn.lws-servers.be\\\/nl\\\/leden\\\/\"},{\"@type\":\"ListItem\",\"position\":3,\"name\":\"Onze partnerbedrijven\"}]},{\"@type\":\"WebSite\",\"@id\":\"https:\\\/\\\/golf.saturn.lws-servers.be\\\/nl\\\/#website\",\"url\":\"https:\\\/\\\/golf.saturn.lws-servers.be\\\/nl\\\/\",\"name\":\"Golf Henri-Chapelle Belgique Ardennes\",\"description\":\"\",\"alternateName\":\"Golf Henri-Chapelle\",\"potentialAction\":[{\"@type\":\"SearchAction\",\"target\":{\"@type\":\"EntryPoint\",\"urlTemplate\":\"https:\\\/\\\/golf.saturn.lws-servers.be\\\/nl\\\/?s={search_term_string}\"},\"query-input\":{\"@type\":\"PropertyValueSpecification\",\"valueRequired\":true,\"valueName\":\"search_term_string\"}}],\"inLanguage\":\"nl-NL\"}]}<\/script>\n<!-- \/ Yoast SEO plugin. -->","yoast_head_json":{"title":"Nos soci\u00e9t\u00e9s partenaires - Golf Henri Chapelle Belgique Ardennes","description":"Business Club by Golf Henri-Chapelle Aujourd\u2019hui, nous sommes fiers de compter plus de 180 entreprises parmi notre Business Club. Ces entreprises utilisent le golf comme plateforme pour d\u00e9velopper leurs relations commerciales et \u00e9largir leur port\u00e9e.","robots":{"index":"noindex","follow":"follow","max-snippet":"max-snippet:-1","max-image-preview":"max-image-preview:large","max-video-preview":"max-video-preview:-1"},"og_locale":"nl_NL","og_type":"article","og_title":"Nos soci\u00e9t\u00e9s partenaires - Golf Henri Chapelle Belgique Ardennes","og_description":"Business Club by Golf Henri-Chapelle Aujourd\u2019hui, nous sommes fiers de compter plus de 180 entreprises parmi notre Business Club. Ces entreprises utilisent le golf comme plateforme pour d\u00e9velopper leurs relations commerciales et \u00e9largir leur port\u00e9e.","og_url":"https:\/\/golf.saturn.lws-servers.be\/nl\/leden\/onze-partnerbedrijven\/","og_site_name":"Golf Henri-Chapelle Belgique Ardennes","article_publisher":"https:\/\/www.facebook.com\/golfhenrichapelle\/","article_modified_time":"2026-04-21T14:21:32+00:00","og_image":[{"width":1024,"height":683,"url":"https:\/\/golf.saturn.lws-servers.be\/wp-content\/uploads\/2026\/03\/cours-collectif-golf-henri-chapelle-1024x683.jpg","type":"image\/jpeg"}],"twitter_card":"summary_large_image","twitter_misc":{"Geschatte leestijd":"2 minuten"},"schema":{"@context":"https:\/\/schema.org","@graph":[{"@type":"WebPage","@id":"https:\/\/golf.saturn.lws-servers.be\/nl\/leden\/onze-partnerbedrijven\/","url":"https:\/\/golf.saturn.lws-servers.be\/nl\/leden\/onze-partnerbedrijven\/","name":"Nos soci\u00e9t\u00e9s partenaires - Golf Henri Chapelle Belgique Ardennes","isPartOf":{"@id":"https:\/\/golf.saturn.lws-servers.be\/nl\/#website"},"datePublished":"2026-03-09T10:19:57+00:00","dateModified":"2026-04-21T14:21:32+00:00","description":"Business Club by Golf Henri-Chapelle Aujourd\u2019hui, nous sommes fiers de compter plus de 180 entreprises parmi notre Business Club. Ces entreprises utilisent le golf comme plateforme pour d\u00e9velopper leurs relations commerciales et \u00e9largir leur port\u00e9e.","breadcrumb":{"@id":"https:\/\/golf.saturn.lws-servers.be\/nl\/leden\/onze-partnerbedrijven\/#breadcrumb"},"inLanguage":"nl-NL","potentialAction":[{"@type":"ReadAction","target":["https:\/\/golf.saturn.lws-servers.be\/nl\/leden\/onze-partnerbedrijven\/"]}]},{"@type":"BreadcrumbList","@id":"https:\/\/golf.saturn.lws-servers.be\/nl\/leden\/onze-partnerbedrijven\/#breadcrumb","itemListElement":[{"@type":"ListItem","position":1,"name":"Home","item":"https:\/\/golf.saturn.lws-servers.be\/nl\/"},{"@type":"ListItem","position":2,"name":"Leden","item":"https:\/\/golf.saturn.lws-servers.be\/nl\/leden\/"},{"@type":"ListItem","position":3,"name":"Onze partnerbedrijven"}]},{"@type":"WebSite","@id":"https:\/\/golf.saturn.lws-servers.be\/nl\/#website","url":"https:\/\/golf.saturn.lws-servers.be\/nl\/","name":"Golf Henri-Chapelle Belgique Ardennes","description":"","alternateName":"Golf Henri-Chapelle","potentialAction":[{"@type":"SearchAction","target":{"@type":"EntryPoint","urlTemplate":"https:\/\/golf.saturn.lws-servers.be\/nl\/?s={search_term_string}"},"query-input":{"@type":"PropertyValueSpecification","valueRequired":true,"valueName":"search_term_string"}}],"inLanguage":"nl-NL"}]}},"_links":{"self":[{"href":"https:\/\/golf.saturn.lws-servers.be\/nl\/wp-json\/wp\/v2\/pages\/2979","targetHints":{"allow":["GET"]}}],"collection":[{"href":"https:\/\/golf.saturn.lws-servers.be\/nl\/wp-json\/wp\/v2\/pages"}],"about":[{"href":"https:\/\/golf.saturn.lws-servers.be\/nl\/wp-json\/wp\/v2\/types\/page"}],"author":[{"embeddable":true,"href":"https:\/\/golf.saturn.lws-servers.be\/nl\/wp-json\/wp\/v2\/users\/1"}],"replies":[{"embeddable":true,"href":"https:\/\/golf.saturn.lws-servers.be\/nl\/wp-json\/wp\/v2\/comments?post=2979"}],"version-history":[{"count":2,"href":"https:\/\/golf.saturn.lws-servers.be\/nl\/wp-json\/wp\/v2\/pages\/2979\/revisions"}],"predecessor-version":[{"id":3296,"href":"https:\/\/golf.saturn.lws-servers.be\/nl\/wp-json\/wp\/v2\/pages\/2979\/revisions\/3296"}],"up":[{"embeddable":true,"href":"https:\/\/golf.saturn.lws-servers.be\/nl\/wp-json\/wp\/v2\/pages\/2917"}],"wp:attachment":[{"href":"https:\/\/golf.saturn.lws-servers.be\/nl\/wp-json\/wp\/v2\/media?parent=2979"}],"curies":[{"name":"wp","href":"https:\/\/api.w.org\/{rel}","templated":true}]}}